{"id":93505,"date":"2026-04-30T18:43:18","date_gmt":"2026-04-30T21:43:18","guid":{"rendered":"https:\/\/www.hediyepazar.com\/?product=biotin-sac-maskesi-500-ml-gur-ve-dolgun-saclar-mrfs"},"modified":"2026-04-30T18:43:18","modified_gmt":"2026-04-30T21:43:18","slug":"biotin-sac-maskesi-500-ml-gur-ve-dolgun-saclar-mrfs","status":"publish","type":"product","link":"https:\/\/www.hediyepazar.com\/?product=biotin-sac-maskesi-500-ml-gur-ve-dolgun-saclar-mrfs","title":{"rendered":"Biotin Sa\u00e7 Maskesi 500 ML &#8211; G\u00fcr ve Dolgun Sa\u00e7lar &#8211; mrfs"},"content":{"rendered":"<p>Biotin Sa&ccedil; Maskesi<br \/>\nBubble Biotin Sa&ccedil; Maskesi besleyen, g&uuml;&ccedil;lendiren ve sa\u011fl\u0131kl\u0131 sa&ccedil; olu\u015fumunu destekleyen en &ouml;nemli vitaminlerden Biotin&rsquo;i i&ccedil;erisinde bulundurur. Zengin form&uuml;l&uuml; ile sa&ccedil; k&ouml;klerine an\u0131nda etki ederek sa&ccedil;lar\u0131n daha g&uuml;r ve daha dolgun g&ouml;r&uuml;nmesine yard\u0131mc\u0131 olur.<\/p>\n<p>Sa&ccedil;\u0131n yeniden yap\u0131lanmas\u0131na ve dayan\u0131kl\u0131l\u0131\u011f\u0131n\u0131n artmas\u0131n\u0131 destekler. Sa&ccedil;a yumu\u015fakl\u0131k ve nem kazand\u0131rarak p&uuml;r&uuml;zs&uuml;z ve ipeksi bir dokunu\u015f sa\u011flar. Biotin sa&ccedil; maskesi, kuru ve y\u0131pranm\u0131\u015f sa&ccedil;lar\u0131 onar\u0131r. Sa&ccedil;lar\u0131 a\u011f\u0131rla\u015ft\u0131rmadan besler.<\/p>\n","protected":false},"excerpt":{"rendered":"<p>Biotin Sa\u00e7 Maskesi 500 ML &#8211; G\u00fcr ve Dolgun Sa\u00e7lar &#8211; mrfs<\/p>\n","protected":false},"featured_media":93504,"comment_status":"open","ping_status":"closed","template":"","meta":{"_kad_post_transparent":"","_kad_post_title":"","_kad_post_layout":"","_kad_post_sidebar_id":"","_kad_post_content_style":"","_kad_post_vertical_padding":"","_kad_post_feature":"","_kad_post_feature_position":"","_kad_post_header":false,"_kad_post_footer":false,"_kad_post_classname":""},"product_brand":[],"product_cat":[452,586,761],"product_tag":[],"class_list":{"0":"post-93505","1":"product","2":"type-product","3":"status-publish","4":"has-post-thumbnail","6":"product_cat-kozmetik","7":"product_cat-sac-bakimi","8":"product_cat-sac-maskesi","10":"first","11":"instock","12":"shipping-taxable","13":"purchasable","14":"product-type-simple","15":"entry","16":"content-bg","17":"loop-entry"},"_links":{"self":[{"href":"https:\/\/www.hediyepazar.com\/index.php?rest_route=\/wp\/v2\/product\/93505","targetHints":{"allow":["GET"]}}],"collection":[{"href":"https:\/\/www.hediyepazar.com\/index.php?rest_route=\/wp\/v2\/product"}],"about":[{"href":"https:\/\/www.hediyepazar.com\/index.php?rest_route=\/wp\/v2\/types\/product"}],"replies":[{"embeddable":true,"href":"https:\/\/www.hediyepazar.com\/index.php?rest_route=%2Fwp%2Fv2%2Fcomments&post=93505"}],"wp:featuredmedia":[{"embeddable":true,"href":"https:\/\/www.hediyepazar.com\/index.php?rest_route=\/wp\/v2\/media\/93504"}],"wp:attachment":[{"href":"https:\/\/www.hediyepazar.com\/index.php?rest_route=%2Fwp%2Fv2%2Fmedia&parent=93505"}],"wp:term":[{"taxonomy":"product_brand","embeddable":true,"href":"https:\/\/www.hediyepazar.com\/index.php?rest_route=%2Fwp%2Fv2%2Fproduct_brand&post=93505"},{"taxonomy":"product_cat","embeddable":true,"href":"https:\/\/www.hediyepazar.com\/index.php?rest_route=%2Fwp%2Fv2%2Fproduct_cat&post=93505"},{"taxonomy":"product_tag","embeddable":true,"href":"https:\/\/www.hediyepazar.com\/index.php?rest_route=%2Fwp%2Fv2%2Fproduct_tag&post=93505"}],"curies":[{"name":"wp","href":"https:\/\/api.w.org\/{rel}","templated":true}]}}