{"id":93515,"date":"2026-04-30T18:43:43","date_gmt":"2026-04-30T21:43:43","guid":{"rendered":"https:\/\/www.hediyepazar.com\/?product=milk-therapy-sac-parfumu-100-ml-bakim-ve-canlilik-mrfs"},"modified":"2026-04-30T18:43:43","modified_gmt":"2026-04-30T21:43:43","slug":"milk-therapy-sac-parfumu-100-ml-bakim-ve-canlilik-mrfs","status":"publish","type":"product","link":"https:\/\/www.hediyepazar.com\/?product=milk-therapy-sac-parfumu-100-ml-bakim-ve-canlilik-mrfs","title":{"rendered":"Milk Therapy Sa\u00e7 Parf\u00fcm\u00fc 100 ML &#8211; Bak\u0131m ve Canl\u0131l\u0131k &#8211; mrfs"},"content":{"rendered":"<p>Milk Therapy Sa&ccedil; Parf&uuml;m&uuml;<br \/>\n12 Amino Asit, S&uuml;t Proteini ve Panthenol gibi zengin i&ccedil;eriklerle form&uuml;le edilen Milk Therapy Sa&ccedil; Parf&uuml;m&uuml;, sa&ccedil;\u0131n\u0131za ihtiyac\u0131 olan bak\u0131m\u0131 sa\u011flarken ona canl\u0131l\u0131k ve parlakl\u0131k kazand\u0131r\u0131r. &Ouml;zel kokusu, sizi farkl\u0131 bir deneyime davet ederken, sa&ccedil;lar\u0131n\u0131za b\u0131rakt\u0131\u011f\u0131 ho\u015f kokuyla da kendinizi taze ve &ouml;zel hissetmenizi sa\u011flar.<\/p>\n<p>Form&uuml;l&uuml;ndeki s&uuml;t, bitter, karamel ve vanilya notalar\u0131yla, sa&ccedil;lar\u0131n\u0131z\u0131 saran enfes kokunun uzun s&uuml;reli etkisini ya\u015faman\u0131z\u0131 sa\u011flar. G&uuml;n boyu kullan\u0131ma uygun olan bu sa&ccedil; parf&uuml;m&uuml;, istedi\u011finiz her an sa&ccedil;lar\u0131n\u0131za tazelik katar.<\/p>\n","protected":false},"excerpt":{"rendered":"<p>Milk Therapy Sa\u00e7 Parf\u00fcm\u00fc 100 ML &#8211; Bak\u0131m ve Canl\u0131l\u0131k &#8211; mrfs<\/p>\n","protected":false},"featured_media":93514,"comment_status":"open","ping_status":"closed","template":"","meta":{"_kad_post_transparent":"","_kad_post_title":"","_kad_post_layout":"","_kad_post_sidebar_id":"","_kad_post_content_style":"","_kad_post_vertical_padding":"","_kad_post_feature":"","_kad_post_feature_position":"","_kad_post_header":false,"_kad_post_footer":false,"_kad_post_classname":""},"product_brand":[],"product_cat":[452,586,762],"product_tag":[],"class_list":{"0":"post-93515","1":"product","2":"type-product","3":"status-publish","4":"has-post-thumbnail","6":"product_cat-kozmetik","7":"product_cat-sac-bakimi","8":"product_cat-sac-parfumu","10":"first","11":"instock","12":"shipping-taxable","13":"purchasable","14":"product-type-simple","15":"entry","16":"content-bg","17":"loop-entry"},"_links":{"self":[{"href":"https:\/\/www.hediyepazar.com\/index.php?rest_route=\/wp\/v2\/product\/93515","targetHints":{"allow":["GET"]}}],"collection":[{"href":"https:\/\/www.hediyepazar.com\/index.php?rest_route=\/wp\/v2\/product"}],"about":[{"href":"https:\/\/www.hediyepazar.com\/index.php?rest_route=\/wp\/v2\/types\/product"}],"replies":[{"embeddable":true,"href":"https:\/\/www.hediyepazar.com\/index.php?rest_route=%2Fwp%2Fv2%2Fcomments&post=93515"}],"wp:featuredmedia":[{"embeddable":true,"href":"https:\/\/www.hediyepazar.com\/index.php?rest_route=\/wp\/v2\/media\/93514"}],"wp:attachment":[{"href":"https:\/\/www.hediyepazar.com\/index.php?rest_route=%2Fwp%2Fv2%2Fmedia&parent=93515"}],"wp:term":[{"taxonomy":"product_brand","embeddable":true,"href":"https:\/\/www.hediyepazar.com\/index.php?rest_route=%2Fwp%2Fv2%2Fproduct_brand&post=93515"},{"taxonomy":"product_cat","embeddable":true,"href":"https:\/\/www.hediyepazar.com\/index.php?rest_route=%2Fwp%2Fv2%2Fproduct_cat&post=93515"},{"taxonomy":"product_tag","embeddable":true,"href":"https:\/\/www.hediyepazar.com\/index.php?rest_route=%2Fwp%2Fv2%2Fproduct_tag&post=93515"}],"curies":[{"name":"wp","href":"https:\/\/api.w.org\/{rel}","templated":true}]}}