{"id":93519,"date":"2026-04-30T18:43:55","date_gmt":"2026-04-30T21:43:55","guid":{"rendered":"https:\/\/www.hediyepazar.com\/?product=keratin-sac-serumu-75-ml-yipranmis-saclar-icin-mrfs"},"modified":"2026-04-30T18:43:55","modified_gmt":"2026-04-30T21:43:55","slug":"keratin-sac-serumu-75-ml-yipranmis-saclar-icin-mrfs","status":"publish","type":"product","link":"https:\/\/www.hediyepazar.com\/?product=keratin-sac-serumu-75-ml-yipranmis-saclar-icin-mrfs","title":{"rendered":"Keratin Sa\u00e7 Serumu 75 ML &#8211; Y\u0131pranm\u0131\u015f Sa\u00e7lar i\u00e7in &#8211; mrfs"},"content":{"rendered":"<p>Keratin Sa&ccedil; Serumu<br \/>\n\u0130&ccedil;eri\u011findeki keratin &ouml;z&uuml; ile sa&ccedil; dokusunu g&uuml;&ccedil;lendirmeyi, sa&ccedil; sa\u011fl\u0131\u011f\u0131n\u0131 korumay\u0131 hedefleyen ipeksi ve parlak sa&ccedil; g&ouml;r&uuml;n&uuml;m&uuml;n&uuml; destekleyen sa&ccedil; serumudur. \u0130&ccedil;eri\u011findeki ya\u011f bile\u015fenleri, sa&ccedil; diplerine kadar n&uuml;fuz ederek an\u0131nda ve uzun s&uuml;reli yap\u0131land\u0131rma sa\u011flar.<\/p>\n<p>F&ouml;n i\u015flemlerinden &ouml;nce ve sonra uyguland\u0131\u011f\u0131nda sa&ccedil;\u0131n kolay \u015fekil almas\u0131n\u0131 sa\u011flar, p&uuml;r&uuml;zs&uuml;zle\u015ftirir ve parlakl\u0131k verir. K\u0131r\u0131k sa&ccedil; u&ccedil;lar\u0131n\u0131 onarmaya yard\u0131mc\u0131 olur. G&uuml;nl&uuml;k sa&ccedil; bak\u0131m\u0131nda kullan\u0131labilir.<\/p>\n","protected":false},"excerpt":{"rendered":"<p>Keratin Sa\u00e7 Serumu 75 ML &#8211; Y\u0131pranm\u0131\u015f Sa\u00e7lar i\u00e7in &#8211; mrfs<\/p>\n","protected":false},"featured_media":93518,"comment_status":"open","ping_status":"closed","template":"","meta":{"_kad_post_transparent":"","_kad_post_title":"","_kad_post_layout":"","_kad_post_sidebar_id":"","_kad_post_content_style":"","_kad_post_vertical_padding":"","_kad_post_feature":"","_kad_post_feature_position":"","_kad_post_header":false,"_kad_post_footer":false,"_kad_post_classname":""},"product_brand":[],"product_cat":[452,586,598],"product_tag":[],"class_list":{"0":"post-93519","1":"product","2":"type-product","3":"status-publish","4":"has-post-thumbnail","6":"product_cat-kozmetik","7":"product_cat-sac-bakimi","8":"product_cat-sac-serum-ve-yagi","10":"first","11":"instock","12":"shipping-taxable","13":"purchasable","14":"product-type-simple","15":"entry","16":"content-bg","17":"loop-entry"},"_links":{"self":[{"href":"https:\/\/www.hediyepazar.com\/index.php?rest_route=\/wp\/v2\/product\/93519","targetHints":{"allow":["GET"]}}],"collection":[{"href":"https:\/\/www.hediyepazar.com\/index.php?rest_route=\/wp\/v2\/product"}],"about":[{"href":"https:\/\/www.hediyepazar.com\/index.php?rest_route=\/wp\/v2\/types\/product"}],"replies":[{"embeddable":true,"href":"https:\/\/www.hediyepazar.com\/index.php?rest_route=%2Fwp%2Fv2%2Fcomments&post=93519"}],"wp:featuredmedia":[{"embeddable":true,"href":"https:\/\/www.hediyepazar.com\/index.php?rest_route=\/wp\/v2\/media\/93518"}],"wp:attachment":[{"href":"https:\/\/www.hediyepazar.com\/index.php?rest_route=%2Fwp%2Fv2%2Fmedia&parent=93519"}],"wp:term":[{"taxonomy":"product_brand","embeddable":true,"href":"https:\/\/www.hediyepazar.com\/index.php?rest_route=%2Fwp%2Fv2%2Fproduct_brand&post=93519"},{"taxonomy":"product_cat","embeddable":true,"href":"https:\/\/www.hediyepazar.com\/index.php?rest_route=%2Fwp%2Fv2%2Fproduct_cat&post=93519"},{"taxonomy":"product_tag","embeddable":true,"href":"https:\/\/www.hediyepazar.com\/index.php?rest_route=%2Fwp%2Fv2%2Fproduct_tag&post=93519"}],"curies":[{"name":"wp","href":"https:\/\/api.w.org\/{rel}","templated":true}]}}