{"id":93521,"date":"2026-04-30T18:44:01","date_gmt":"2026-04-30T21:44:01","guid":{"rendered":"https:\/\/www.hediyepazar.com\/?product=argan-sac-serumu-75-ml-boyali-ve-rofleli-saclar-mrfs"},"modified":"2026-04-30T18:44:01","modified_gmt":"2026-04-30T21:44:01","slug":"argan-sac-serumu-75-ml-boyali-ve-rofleli-saclar-mrfs","status":"publish","type":"product","link":"https:\/\/www.hediyepazar.com\/?product=argan-sac-serumu-75-ml-boyali-ve-rofleli-saclar-mrfs","title":{"rendered":"Argan Sa\u00e7 Serumu 75 ML &#8211; Boyal\u0131 ve R\u00f6fleli Sa\u00e7lar &#8211; mrfs"},"content":{"rendered":"<p>Argan Sa&ccedil; Serumu<br \/>\nArgan Sa&ccedil; Serumu ile daha ipeksi ve parlak sa&ccedil;lar elde edilir. \u0130&ccedil;eri\u011findeki argan ya\u011f\u0131 &ouml;z&uuml; ile sa&ccedil; dokusunu g&uuml;&ccedil;lendirmeyi ve k\u0131r\u0131klar\u0131n onar\u0131lmas\u0131na yard\u0131mc\u0131 olur.<\/p>\n<p>Sa&ccedil;lar\u0131 besler, p&uuml;r&uuml;zs&uuml;zle\u015ftirir ve parlakl\u0131k verir. F&ouml;n i\u015flemlerinden &ouml;nce ve sonra uyguland\u0131\u011f\u0131nda sa&ccedil;\u0131n kolay \u015fekil almas\u0131n\u0131 sa\u011flar, p&uuml;r&uuml;zs&uuml;z g&ouml;r&uuml;nmesini destekler. G&uuml;nl&uuml;k sa&ccedil; bak\u0131m\u0131nda kullan\u0131labilir.<\/p>\n","protected":false},"excerpt":{"rendered":"<p>Argan Sa\u00e7 Serumu 75 ML &#8211; Boyal\u0131 ve R\u00f6fleli Sa\u00e7lar &#8211; mrfs<\/p>\n","protected":false},"featured_media":93520,"comment_status":"open","ping_status":"closed","template":"","meta":{"_kad_post_transparent":"","_kad_post_title":"","_kad_post_layout":"","_kad_post_sidebar_id":"","_kad_post_content_style":"","_kad_post_vertical_padding":"","_kad_post_feature":"","_kad_post_feature_position":"","_kad_post_header":false,"_kad_post_footer":false,"_kad_post_classname":""},"product_brand":[],"product_cat":[452,586,598],"product_tag":[],"class_list":{"0":"post-93521","1":"product","2":"type-product","3":"status-publish","4":"has-post-thumbnail","6":"product_cat-kozmetik","7":"product_cat-sac-bakimi","8":"product_cat-sac-serum-ve-yagi","10":"first","11":"instock","12":"shipping-taxable","13":"purchasable","14":"product-type-simple","15":"entry","16":"content-bg","17":"loop-entry"},"_links":{"self":[{"href":"https:\/\/www.hediyepazar.com\/index.php?rest_route=\/wp\/v2\/product\/93521","targetHints":{"allow":["GET"]}}],"collection":[{"href":"https:\/\/www.hediyepazar.com\/index.php?rest_route=\/wp\/v2\/product"}],"about":[{"href":"https:\/\/www.hediyepazar.com\/index.php?rest_route=\/wp\/v2\/types\/product"}],"replies":[{"embeddable":true,"href":"https:\/\/www.hediyepazar.com\/index.php?rest_route=%2Fwp%2Fv2%2Fcomments&post=93521"}],"wp:featuredmedia":[{"embeddable":true,"href":"https:\/\/www.hediyepazar.com\/index.php?rest_route=\/wp\/v2\/media\/93520"}],"wp:attachment":[{"href":"https:\/\/www.hediyepazar.com\/index.php?rest_route=%2Fwp%2Fv2%2Fmedia&parent=93521"}],"wp:term":[{"taxonomy":"product_brand","embeddable":true,"href":"https:\/\/www.hediyepazar.com\/index.php?rest_route=%2Fwp%2Fv2%2Fproduct_brand&post=93521"},{"taxonomy":"product_cat","embeddable":true,"href":"https:\/\/www.hediyepazar.com\/index.php?rest_route=%2Fwp%2Fv2%2Fproduct_cat&post=93521"},{"taxonomy":"product_tag","embeddable":true,"href":"https:\/\/www.hediyepazar.com\/index.php?rest_route=%2Fwp%2Fv2%2Fproduct_tag&post=93521"}],"curies":[{"name":"wp","href":"https:\/\/api.w.org\/{rel}","templated":true}]}}