{"id":93523,"date":"2026-04-30T18:44:08","date_gmt":"2026-04-30T21:44:08","guid":{"rendered":"https:\/\/www.hediyepazar.com\/?product=milk-therapy-kremsi-sac-serum-100-ml-onarici-bakim-mrfs"},"modified":"2026-04-30T18:44:08","modified_gmt":"2026-04-30T21:44:08","slug":"milk-therapy-kremsi-sac-serum-100-ml-onarici-bakim-mrfs","status":"publish","type":"product","link":"https:\/\/www.hediyepazar.com\/?product=milk-therapy-kremsi-sac-serum-100-ml-onarici-bakim-mrfs","title":{"rendered":"Milk Therapy Kremsi Sa\u00e7 Serum 100 ML &#8211; Onar\u0131c\u0131 Bak\u0131m &#8211; mrfs"},"content":{"rendered":"<p>Milk Therapy Kremsi Sa&ccedil; Serum<br \/>\nMilk Therapy Kremsi Sa&ccedil; Serum, geli\u015ftirilmi\u015f &ouml;zel form&uuml;l&uuml; ile y\u0131pranm\u0131\u015f sa&ccedil;\u0131 onarmay\u0131 hedefler. \u0130&ccedil;eri\u011findeki Amino Asit kompleksi ve S&uuml;t Proteini ile sa&ccedil;\u0131 g&uuml;&ccedil;lendirmeye yard\u0131mc\u0131 olur. Sa&ccedil;lar\u0131n nem dengesini d&uuml;zenleyerek daha canl\u0131 ve sa\u011fl\u0131kl\u0131 g&ouml;r&uuml;nmesini sa\u011flar.<\/p>\n<p>Sa&ccedil;\u0131n taranmas\u0131n\u0131 kolayla\u015ft\u0131r\u0131r. \u0130&ccedil;eri\u011finde bulunan Avokado Ya\u011f\u0131 ile sa&ccedil;a yumu\u015fakl\u0131k, canl\u0131l\u0131k ve parlakl\u0131k bir g&ouml;r&uuml;n&uuml;m kazand\u0131rmaya yard\u0131mc\u0131 olur. Sa&ccedil;\u0131n elastikiyetini artt\u0131rarak sa&ccedil; k\u0131r\u0131klar\u0131n\u0131n onar\u0131lmas\u0131n\u0131 sa\u011flar. Kuru ve y\u0131pranm\u0131\u015f sa&ccedil;lar i&ccedil;in idealdir.<\/p>\n","protected":false},"excerpt":{"rendered":"<p>Milk Therapy Kremsi Sa\u00e7 Serum 100 ML &#8211; Onar\u0131c\u0131 Bak\u0131m &#8211; mrfs<\/p>\n","protected":false},"featured_media":93522,"comment_status":"open","ping_status":"closed","template":"","meta":{"_kad_post_transparent":"","_kad_post_title":"","_kad_post_layout":"","_kad_post_sidebar_id":"","_kad_post_content_style":"","_kad_post_vertical_padding":"","_kad_post_feature":"","_kad_post_feature_position":"","_kad_post_header":false,"_kad_post_footer":false,"_kad_post_classname":""},"product_brand":[],"product_cat":[452,586,598],"product_tag":[],"class_list":{"0":"post-93523","1":"product","2":"type-product","3":"status-publish","4":"has-post-thumbnail","6":"product_cat-kozmetik","7":"product_cat-sac-bakimi","8":"product_cat-sac-serum-ve-yagi","10":"first","11":"instock","12":"shipping-taxable","13":"purchasable","14":"product-type-simple","15":"entry","16":"content-bg","17":"loop-entry"},"_links":{"self":[{"href":"https:\/\/www.hediyepazar.com\/index.php?rest_route=\/wp\/v2\/product\/93523","targetHints":{"allow":["GET"]}}],"collection":[{"href":"https:\/\/www.hediyepazar.com\/index.php?rest_route=\/wp\/v2\/product"}],"about":[{"href":"https:\/\/www.hediyepazar.com\/index.php?rest_route=\/wp\/v2\/types\/product"}],"replies":[{"embeddable":true,"href":"https:\/\/www.hediyepazar.com\/index.php?rest_route=%2Fwp%2Fv2%2Fcomments&post=93523"}],"wp:featuredmedia":[{"embeddable":true,"href":"https:\/\/www.hediyepazar.com\/index.php?rest_route=\/wp\/v2\/media\/93522"}],"wp:attachment":[{"href":"https:\/\/www.hediyepazar.com\/index.php?rest_route=%2Fwp%2Fv2%2Fmedia&parent=93523"}],"wp:term":[{"taxonomy":"product_brand","embeddable":true,"href":"https:\/\/www.hediyepazar.com\/index.php?rest_route=%2Fwp%2Fv2%2Fproduct_brand&post=93523"},{"taxonomy":"product_cat","embeddable":true,"href":"https:\/\/www.hediyepazar.com\/index.php?rest_route=%2Fwp%2Fv2%2Fproduct_cat&post=93523"},{"taxonomy":"product_tag","embeddable":true,"href":"https:\/\/www.hediyepazar.com\/index.php?rest_route=%2Fwp%2Fv2%2Fproduct_tag&post=93523"}],"curies":[{"name":"wp","href":"https:\/\/api.w.org\/{rel}","templated":true}]}}