{"id":93525,"date":"2026-04-30T18:44:14","date_gmt":"2026-04-30T21:44:14","guid":{"rendered":"https:\/\/www.hediyepazar.com\/?product=milk-therapy-sac-spreyi-75-ml-besleyici-koruyucu-etki-mrfs"},"modified":"2026-04-30T18:44:14","modified_gmt":"2026-04-30T21:44:14","slug":"milk-therapy-sac-spreyi-75-ml-besleyici-koruyucu-etki-mrfs","status":"publish","type":"product","link":"https:\/\/www.hediyepazar.com\/?product=milk-therapy-sac-spreyi-75-ml-besleyici-koruyucu-etki-mrfs","title":{"rendered":"Milk Therapy Sa\u00e7 Spreyi 75 ML &#8211; Besleyici Koruyucu Etki &#8211; mrfs"},"content":{"rendered":"<p>Milk Therapy Sa&ccedil; Spreyi<br \/>\nMilk Therapy Sa&ccedil; Spreyi, i&ccedil;eri\u011findeki besleyici kompleks ile sa&ccedil;a \u015fekil verirken ayn\u0131 zamanda da bak\u0131m yapman\u0131z\u0131 sa\u011flar. Sa&ccedil;\u0131 beslemeye yard\u0131mc\u0131 olurken kurutmadan sabitlemenizi destekler. Sa&ccedil;\u0131n\u0131z\u0131 a\u011f\u0131rla\u015fmas\u0131n\u0131 &ouml;nler, uzun s&uuml;re kal\u0131c\u0131 \u015fekillendirme sa\u011flar. &Ccedil;abuk kurur ve yap\u0131\u015fma yapmaz.<\/p>\n<p>Sa&ccedil; y&uuml;zeyinde kal\u0131nt\u0131 ve tortu b\u0131rakmaz. A\u015f\u0131r\u0131 y\u0131pranm\u0131\u015f sa&ccedil; tipleri i&ccedil;in idealdir. Sa&ccedil;\u0131 ve sa&ccedil; derisini beslemeye yard\u0131mc\u0131 olur. G&uuml;nl&uuml;k kullan\u0131ma uygundur. Milk Therapy Sa&ccedil; Spreyi, tutu\u015f seviyesi 4&rsquo;t&uuml;r.<\/p>\n","protected":false},"excerpt":{"rendered":"<p>Milk Therapy Sa\u00e7 Spreyi 75 ML &#8211; Besleyici Koruyucu Etki &#8211; mrfs<\/p>\n","protected":false},"featured_media":93524,"comment_status":"open","ping_status":"closed","template":"","meta":{"_kad_post_transparent":"","_kad_post_title":"","_kad_post_layout":"","_kad_post_sidebar_id":"","_kad_post_content_style":"","_kad_post_vertical_padding":"","_kad_post_feature":"","_kad_post_feature_position":"","_kad_post_header":false,"_kad_post_footer":false,"_kad_post_classname":""},"product_brand":[],"product_cat":[452,586,711],"product_tag":[],"class_list":{"0":"post-93525","1":"product","2":"type-product","3":"status-publish","4":"has-post-thumbnail","6":"product_cat-kozmetik","7":"product_cat-sac-bakimi","8":"product_cat-sac-sekillendirici-urunler","10":"first","11":"instock","12":"shipping-taxable","13":"purchasable","14":"product-type-simple","15":"entry","16":"content-bg","17":"loop-entry"},"_links":{"self":[{"href":"https:\/\/www.hediyepazar.com\/index.php?rest_route=\/wp\/v2\/product\/93525","targetHints":{"allow":["GET"]}}],"collection":[{"href":"https:\/\/www.hediyepazar.com\/index.php?rest_route=\/wp\/v2\/product"}],"about":[{"href":"https:\/\/www.hediyepazar.com\/index.php?rest_route=\/wp\/v2\/types\/product"}],"replies":[{"embeddable":true,"href":"https:\/\/www.hediyepazar.com\/index.php?rest_route=%2Fwp%2Fv2%2Fcomments&post=93525"}],"wp:featuredmedia":[{"embeddable":true,"href":"https:\/\/www.hediyepazar.com\/index.php?rest_route=\/wp\/v2\/media\/93524"}],"wp:attachment":[{"href":"https:\/\/www.hediyepazar.com\/index.php?rest_route=%2Fwp%2Fv2%2Fmedia&parent=93525"}],"wp:term":[{"taxonomy":"product_brand","embeddable":true,"href":"https:\/\/www.hediyepazar.com\/index.php?rest_route=%2Fwp%2Fv2%2Fproduct_brand&post=93525"},{"taxonomy":"product_cat","embeddable":true,"href":"https:\/\/www.hediyepazar.com\/index.php?rest_route=%2Fwp%2Fv2%2Fproduct_cat&post=93525"},{"taxonomy":"product_tag","embeddable":true,"href":"https:\/\/www.hediyepazar.com\/index.php?rest_route=%2Fwp%2Fv2%2Fproduct_tag&post=93525"}],"curies":[{"name":"wp","href":"https:\/\/api.w.org\/{rel}","templated":true}]}}