{"id":93529,"date":"2026-04-30T18:44:23","date_gmt":"2026-04-30T21:44:23","guid":{"rendered":"https:\/\/www.hediyepazar.com\/?product=milk-therapy-dus-kopugu-200-ml-mrfs"},"modified":"2026-04-30T18:44:23","modified_gmt":"2026-04-30T21:44:23","slug":"milk-therapy-dus-kopugu-200-ml-mrfs","status":"publish","type":"product","link":"https:\/\/www.hediyepazar.com\/?product=milk-therapy-dus-kopugu-200-ml-mrfs","title":{"rendered":"Milk Therapy Du\u015f K\u00f6p\u00fc\u011f\u00fc 200 ML &#8211; mrfs"},"content":{"rendered":"<p>Milk Therapy Du\u015f K&ouml;p&uuml;\u011f&uuml;<br \/>\nMilk Therapy Du\u015f K&ouml;p&uuml;\u011f&uuml;, e\u015fsiz kokusu ile v&uuml;cudunuzu rahatlat\u0131c\u0131 bir &ouml;rt&uuml; gibi saran zengin ve kremsi dokuya sahip temizleyici du\u015f k&ouml;p&uuml;\u011f&uuml;. Kremsi formu ile kolayca kullan\u0131l\u0131r. Ultra yo\u011fun kremsi dokuya sahip yap\u0131s\u0131yla cildinizde yava\u015f&ccedil;a eriyerek nazik&ccedil;e temizler.<\/p>\n<p>Zengin ve nemlendirici i&ccedil;eri\u011fiyle banyodan sonra cildinizin uzun s&uuml;re nemli kalmas\u0131n\u0131 sa\u011flar. &Ouml;zel olarak geli\u015ftirilmi\u015f form&uuml;l&uuml;, yumu\u015fak ve p&uuml;r&uuml;zs&uuml;z bir cilde sahip olman\u0131za yard\u0131mc\u0131 olur. Kendili\u011finden k&ouml;p&uuml;ren du\u015f jeli kolayca durulan\u0131r, yo\u011fun form&uuml;l&uuml; ile cildin g&uuml;n boyu ihtiya&ccedil; duydu\u011fu nemi sa\u011flar.<\/p>\n","protected":false},"excerpt":{"rendered":"<p>Milk Therapy Du\u015f K\u00f6p\u00fc\u011f\u00fc 200 ML &#8211; mrfs<\/p>\n","protected":false},"featured_media":93528,"comment_status":"open","ping_status":"closed","template":"","meta":{"_kad_post_transparent":"","_kad_post_title":"","_kad_post_layout":"","_kad_post_sidebar_id":"","_kad_post_content_style":"","_kad_post_vertical_padding":"","_kad_post_feature":"","_kad_post_feature_position":"","_kad_post_header":false,"_kad_post_footer":false,"_kad_post_classname":""},"product_brand":[],"product_cat":[582,566,452],"product_tag":[],"class_list":{"0":"post-93529","1":"product","2":"type-product","3":"status-publish","4":"has-post-thumbnail","6":"product_cat-banyo-dus-urunleri","7":"product_cat-cilt-bakimi","8":"product_cat-kozmetik","10":"first","11":"instock","12":"shipping-taxable","13":"purchasable","14":"product-type-simple","15":"entry","16":"content-bg","17":"loop-entry"},"_links":{"self":[{"href":"https:\/\/www.hediyepazar.com\/index.php?rest_route=\/wp\/v2\/product\/93529","targetHints":{"allow":["GET"]}}],"collection":[{"href":"https:\/\/www.hediyepazar.com\/index.php?rest_route=\/wp\/v2\/product"}],"about":[{"href":"https:\/\/www.hediyepazar.com\/index.php?rest_route=\/wp\/v2\/types\/product"}],"replies":[{"embeddable":true,"href":"https:\/\/www.hediyepazar.com\/index.php?rest_route=%2Fwp%2Fv2%2Fcomments&post=93529"}],"wp:featuredmedia":[{"embeddable":true,"href":"https:\/\/www.hediyepazar.com\/index.php?rest_route=\/wp\/v2\/media\/93528"}],"wp:attachment":[{"href":"https:\/\/www.hediyepazar.com\/index.php?rest_route=%2Fwp%2Fv2%2Fmedia&parent=93529"}],"wp:term":[{"taxonomy":"product_brand","embeddable":true,"href":"https:\/\/www.hediyepazar.com\/index.php?rest_route=%2Fwp%2Fv2%2Fproduct_brand&post=93529"},{"taxonomy":"product_cat","embeddable":true,"href":"https:\/\/www.hediyepazar.com\/index.php?rest_route=%2Fwp%2Fv2%2Fproduct_cat&post=93529"},{"taxonomy":"product_tag","embeddable":true,"href":"https:\/\/www.hediyepazar.com\/index.php?rest_route=%2Fwp%2Fv2%2Fproduct_tag&post=93529"}],"curies":[{"name":"wp","href":"https:\/\/api.w.org\/{rel}","templated":true}]}}