{"id":93531,"date":"2026-04-30T18:44:27","date_gmt":"2026-04-30T21:44:27","guid":{"rendered":"https:\/\/www.hediyepazar.com\/?product=elektronik-pilli-tirnak-bakim-seti-torpule-duzelt-parlat"},"modified":"2026-04-30T18:44:27","modified_gmt":"2026-04-30T21:44:27","slug":"elektronik-pilli-tirnak-bakim-seti-torpule-duzelt-parlat","status":"publish","type":"product","link":"https:\/\/www.hediyepazar.com\/?product=elektronik-pilli-tirnak-bakim-seti-torpule-duzelt-parlat","title":{"rendered":"Elektronik Pilli T\u0131rnak Bak\u0131m Seti T\u00f6rp\u00fcle D\u00fczelt Parlat"},"content":{"rendered":"<p>Elektronik Pilli T\u0131rnak Bak\u0131m Seti T&ouml;rp&uuml;le D&uuml;zelt Parlat<br \/>\nErgonomik dizayn\u0131 ile el ve ayak t\u0131rna\u011f\u0131 i&ccedil;in uygundur<br \/>\n2 farkl\u0131 h\u0131z se&ccedil;ene\u011fi<br \/>\n3 adet t\u0131rnak bak\u0131m ba\u015fl\u0131\u011f\u0131 ve 1 adet t\u0131rnak bak\u0131m aparat\u0131 mevcuttur. Pil pakete dahil de\u011fildir<br \/>\nS\u0131v\u0131 ile temas\u0131ndan ka&ccedil;\u0131n\u0131n<br \/>\nBak\u0131ml\u0131 ve parlak t\u0131rnaklara sahip olman\u0131n kolay yolu<\/p>\n","protected":false},"excerpt":{"rendered":"<p>Elektronik Pilli T\u0131rnak Bak\u0131m Seti T\u00f6rp\u00fcle D\u00fczelt Parlak<\/p>\n","protected":false},"featured_media":93530,"comment_status":"open","ping_status":"closed","template":"","meta":{"_kad_post_transparent":"","_kad_post_title":"","_kad_post_layout":"","_kad_post_sidebar_id":"","_kad_post_content_style":"","_kad_post_vertical_padding":"","_kad_post_feature":"","_kad_post_feature_position":"","_kad_post_header":false,"_kad_post_footer":false,"_kad_post_classname":""},"product_brand":[],"product_cat":[452,565,615],"product_tag":[],"class_list":{"0":"post-93531","1":"product","2":"type-product","3":"status-publish","4":"has-post-thumbnail","6":"product_cat-kozmetik","7":"product_cat-makyaj","8":"product_cat-tirnak","10":"first","11":"instock","12":"shipping-taxable","13":"purchasable","14":"product-type-simple","15":"entry","16":"content-bg","17":"loop-entry"},"_links":{"self":[{"href":"https:\/\/www.hediyepazar.com\/index.php?rest_route=\/wp\/v2\/product\/93531","targetHints":{"allow":["GET"]}}],"collection":[{"href":"https:\/\/www.hediyepazar.com\/index.php?rest_route=\/wp\/v2\/product"}],"about":[{"href":"https:\/\/www.hediyepazar.com\/index.php?rest_route=\/wp\/v2\/types\/product"}],"replies":[{"embeddable":true,"href":"https:\/\/www.hediyepazar.com\/index.php?rest_route=%2Fwp%2Fv2%2Fcomments&post=93531"}],"wp:featuredmedia":[{"embeddable":true,"href":"https:\/\/www.hediyepazar.com\/index.php?rest_route=\/wp\/v2\/media\/93530"}],"wp:attachment":[{"href":"https:\/\/www.hediyepazar.com\/index.php?rest_route=%2Fwp%2Fv2%2Fmedia&parent=93531"}],"wp:term":[{"taxonomy":"product_brand","embeddable":true,"href":"https:\/\/www.hediyepazar.com\/index.php?rest_route=%2Fwp%2Fv2%2Fproduct_brand&post=93531"},{"taxonomy":"product_cat","embeddable":true,"href":"https:\/\/www.hediyepazar.com\/index.php?rest_route=%2Fwp%2Fv2%2Fproduct_cat&post=93531"},{"taxonomy":"product_tag","embeddable":true,"href":"https:\/\/www.hediyepazar.com\/index.php?rest_route=%2Fwp%2Fv2%2Fproduct_tag&post=93531"}],"curies":[{"name":"wp","href":"https:\/\/api.w.org\/{rel}","templated":true}]}}