{"id":93929,"date":"2026-04-30T19:06:15","date_gmt":"2026-04-30T22:06:15","guid":{"rendered":"https:\/\/www.hediyepazar.com\/?product=celik-charmli-incili-deniz-kabugu-bilezik-beyaz"},"modified":"2026-04-30T19:06:15","modified_gmt":"2026-04-30T22:06:15","slug":"celik-charmli-incili-deniz-kabugu-bilezik-beyaz","status":"publish","type":"product","link":"https:\/\/www.hediyepazar.com\/?product=celik-charmli-incili-deniz-kabugu-bilezik-beyaz","title":{"rendered":"\u00c7elik Charml\u0131 \u0130ncili Deniz Kabu\u011fu Bilezik &#8211; Beyaz"},"content":{"rendered":"<p>\u00c7elik Charml\u0131 \u0130ncili Deniz Kabu\u011fu Bilezik &#8211; Beyaz<\/p>\n","protected":false},"excerpt":{"rendered":"<p>\u00c7elik Charml\u0131 \u0130ncili Deniz Kabu\u011fu Bilezik &#8211; Beyaz<\/p>\n","protected":false},"featured_media":93928,"comment_status":"open","ping_status":"closed","template":"","meta":{"_kad_post_transparent":"","_kad_post_title":"","_kad_post_layout":"","_kad_post_sidebar_id":"","_kad_post_content_style":"","_kad_post_vertical_padding":"","_kad_post_feature":"","_kad_post_feature_position":"","_kad_post_header":false,"_kad_post_footer":false,"_kad_post_classname":""},"product_brand":[],"product_cat":[772,773,763],"product_tag":[],"class_list":{"0":"post-93929","1":"product","2":"type-product","3":"status-publish","4":"has-post-thumbnail","6":"product_cat-bilezik","7":"product_cat-celik-bilezik","8":"product_cat-taki-mucevher","10":"first","11":"instock","12":"shipping-taxable","13":"purchasable","14":"product-type-simple","15":"entry","16":"content-bg","17":"loop-entry"},"_links":{"self":[{"href":"https:\/\/www.hediyepazar.com\/index.php?rest_route=\/wp\/v2\/product\/93929","targetHints":{"allow":["GET"]}}],"collection":[{"href":"https:\/\/www.hediyepazar.com\/index.php?rest_route=\/wp\/v2\/product"}],"about":[{"href":"https:\/\/www.hediyepazar.com\/index.php?rest_route=\/wp\/v2\/types\/product"}],"replies":[{"embeddable":true,"href":"https:\/\/www.hediyepazar.com\/index.php?rest_route=%2Fwp%2Fv2%2Fcomments&post=93929"}],"wp:featuredmedia":[{"embeddable":true,"href":"https:\/\/www.hediyepazar.com\/index.php?rest_route=\/wp\/v2\/media\/93928"}],"wp:attachment":[{"href":"https:\/\/www.hediyepazar.com\/index.php?rest_route=%2Fwp%2Fv2%2Fmedia&parent=93929"}],"wp:term":[{"taxonomy":"product_brand","embeddable":true,"href":"https:\/\/www.hediyepazar.com\/index.php?rest_route=%2Fwp%2Fv2%2Fproduct_brand&post=93929"},{"taxonomy":"product_cat","embeddable":true,"href":"https:\/\/www.hediyepazar.com\/index.php?rest_route=%2Fwp%2Fv2%2Fproduct_cat&post=93929"},{"taxonomy":"product_tag","embeddable":true,"href":"https:\/\/www.hediyepazar.com\/index.php?rest_route=%2Fwp%2Fv2%2Fproduct_tag&post=93929"}],"curies":[{"name":"wp","href":"https:\/\/api.w.org\/{rel}","templated":true}]}}