{"id":94453,"date":"2026-04-30T19:32:56","date_gmt":"2026-04-30T22:32:56","guid":{"rendered":"https:\/\/www.hediyepazar.com\/?product=tirtikli-besgen-celik-kupe-altin"},"modified":"2026-04-30T19:32:56","modified_gmt":"2026-04-30T22:32:56","slug":"tirtikli-besgen-celik-kupe-altin","status":"publish","type":"product","link":"https:\/\/www.hediyepazar.com\/?product=tirtikli-besgen-celik-kupe-altin","title":{"rendered":"T\u0131rt\u0131kl\u0131 Be\u015fgen \u00c7elik K\u00fcpe &#8211; Alt\u0131n"},"content":{"rendered":"<p>T\u0131rt\u0131kl\u0131 Be\u015fgen \u00c7elik K\u00fcpe &#8211; Alt\u0131n<\/p>\n","protected":false},"excerpt":{"rendered":"<p>T\u0131rt\u0131kl\u0131 Be\u015fgen \u00c7elik K\u00fcpe &#8211; Alt\u0131n<\/p>\n","protected":false},"featured_media":94452,"comment_status":"open","ping_status":"closed","template":"","meta":{"_kad_post_transparent":"","_kad_post_title":"","_kad_post_layout":"","_kad_post_sidebar_id":"","_kad_post_content_style":"","_kad_post_vertical_padding":"","_kad_post_feature":"","_kad_post_feature_position":"","_kad_post_header":false,"_kad_post_footer":false,"_kad_post_classname":""},"product_brand":[],"product_cat":[783,766,763],"product_tag":[],"class_list":{"0":"post-94453","1":"product","2":"type-product","3":"status-publish","4":"has-post-thumbnail","6":"product_cat-celik-kupe","7":"product_cat-kupe","8":"product_cat-taki-mucevher","10":"first","11":"instock","12":"shipping-taxable","13":"purchasable","14":"product-type-simple","15":"entry","16":"content-bg","17":"loop-entry"},"_links":{"self":[{"href":"https:\/\/www.hediyepazar.com\/index.php?rest_route=\/wp\/v2\/product\/94453","targetHints":{"allow":["GET"]}}],"collection":[{"href":"https:\/\/www.hediyepazar.com\/index.php?rest_route=\/wp\/v2\/product"}],"about":[{"href":"https:\/\/www.hediyepazar.com\/index.php?rest_route=\/wp\/v2\/types\/product"}],"replies":[{"embeddable":true,"href":"https:\/\/www.hediyepazar.com\/index.php?rest_route=%2Fwp%2Fv2%2Fcomments&post=94453"}],"wp:featuredmedia":[{"embeddable":true,"href":"https:\/\/www.hediyepazar.com\/index.php?rest_route=\/wp\/v2\/media\/94452"}],"wp:attachment":[{"href":"https:\/\/www.hediyepazar.com\/index.php?rest_route=%2Fwp%2Fv2%2Fmedia&parent=94453"}],"wp:term":[{"taxonomy":"product_brand","embeddable":true,"href":"https:\/\/www.hediyepazar.com\/index.php?rest_route=%2Fwp%2Fv2%2Fproduct_brand&post=94453"},{"taxonomy":"product_cat","embeddable":true,"href":"https:\/\/www.hediyepazar.com\/index.php?rest_route=%2Fwp%2Fv2%2Fproduct_cat&post=94453"},{"taxonomy":"product_tag","embeddable":true,"href":"https:\/\/www.hediyepazar.com\/index.php?rest_route=%2Fwp%2Fv2%2Fproduct_tag&post=94453"}],"curies":[{"name":"wp","href":"https:\/\/api.w.org\/{rel}","templated":true}]}}