{"id":95221,"date":"2026-04-30T20:16:01","date_gmt":"2026-04-30T23:16:01","guid":{"rendered":"https:\/\/www.hediyepazar.com\/?product=tasli-marka-kolye-altin"},"modified":"2026-04-30T20:16:01","modified_gmt":"2026-04-30T23:16:01","slug":"tasli-marka-kolye-altin","status":"publish","type":"product","link":"https:\/\/www.hediyepazar.com\/?product=tasli-marka-kolye-altin","title":{"rendered":"Ta\u015fl\u0131 Marka Kolye &#8211; Alt\u0131n"},"content":{"rendered":"<p>Ta\u015fl\u0131 Marka Kolye &#8211; Alt\u0131n<\/p>\n","protected":false},"excerpt":{"rendered":"<p>Ta\u015fl\u0131 Marka Kolye &#8211; Alt\u0131n<\/p>\n","protected":false},"featured_media":95220,"comment_status":"open","ping_status":"closed","template":"","meta":{"_kad_post_transparent":"","_kad_post_title":"","_kad_post_layout":"","_kad_post_sidebar_id":"","_kad_post_content_style":"","_kad_post_vertical_padding":"","_kad_post_feature":"","_kad_post_feature_position":"","_kad_post_header":false,"_kad_post_footer":false,"_kad_post_classname":""},"product_brand":[],"product_cat":[768,763,794],"product_tag":[],"class_list":{"0":"post-95221","1":"product","2":"type-product","3":"status-publish","4":"has-post-thumbnail","6":"product_cat-kolye","7":"product_cat-taki-mucevher","8":"product_cat-vip-kolye","10":"first","11":"instock","12":"shipping-taxable","13":"purchasable","14":"product-type-simple","15":"entry","16":"content-bg","17":"loop-entry"},"_links":{"self":[{"href":"https:\/\/www.hediyepazar.com\/index.php?rest_route=\/wp\/v2\/product\/95221","targetHints":{"allow":["GET"]}}],"collection":[{"href":"https:\/\/www.hediyepazar.com\/index.php?rest_route=\/wp\/v2\/product"}],"about":[{"href":"https:\/\/www.hediyepazar.com\/index.php?rest_route=\/wp\/v2\/types\/product"}],"replies":[{"embeddable":true,"href":"https:\/\/www.hediyepazar.com\/index.php?rest_route=%2Fwp%2Fv2%2Fcomments&post=95221"}],"wp:featuredmedia":[{"embeddable":true,"href":"https:\/\/www.hediyepazar.com\/index.php?rest_route=\/wp\/v2\/media\/95220"}],"wp:attachment":[{"href":"https:\/\/www.hediyepazar.com\/index.php?rest_route=%2Fwp%2Fv2%2Fmedia&parent=95221"}],"wp:term":[{"taxonomy":"product_brand","embeddable":true,"href":"https:\/\/www.hediyepazar.com\/index.php?rest_route=%2Fwp%2Fv2%2Fproduct_brand&post=95221"},{"taxonomy":"product_cat","embeddable":true,"href":"https:\/\/www.hediyepazar.com\/index.php?rest_route=%2Fwp%2Fv2%2Fproduct_cat&post=95221"},{"taxonomy":"product_tag","embeddable":true,"href":"https:\/\/www.hediyepazar.com\/index.php?rest_route=%2Fwp%2Fv2%2Fproduct_tag&post=95221"}],"curies":[{"name":"wp","href":"https:\/\/api.w.org\/{rel}","templated":true}]}}