{"id":95742,"date":"2026-04-30T20:48:21","date_gmt":"2026-04-30T23:48:21","guid":{"rendered":"https:\/\/www.hediyepazar.com\/?product=kadin-luks-mavi-renkli-cam-gunes-gozlugu-moda-gozluk"},"modified":"2026-04-30T20:48:21","modified_gmt":"2026-04-30T23:48:21","slug":"kadin-luks-mavi-renkli-cam-gunes-gozlugu-moda-gozluk","status":"publish","type":"product","link":"https:\/\/www.hediyepazar.com\/?product=kadin-luks-mavi-renkli-cam-gunes-gozlugu-moda-gozluk","title":{"rendered":"Kad\u0131n L\u00fcks Mavi Renkli Cam G\u00fcne\u015f G\u00f6zl\u00fc\u011f\u00fc &#8211; Moda G\u00f6zl\u00fck"},"content":{"rendered":"<table style=\"border-collapse:collapse; width:48pt; border:none\" width=\"64\">\n<colgroup>\n<col style=\"width:48pt\" width=\"64\">\n\t<\/colgroup>\n<tbody>\n<tr height=\"20\" style=\"height:15.0pt\">\n<td class=\"xl65\" height=\"20\" style=\"border:none; height:15.0pt; width:48pt; white-space:nowrap; padding-top:1px; padding-right:1px; padding-left:1px; vertical-align:bottom\" width=\"64\"><span style=\"font-size:11pt\"><span style=\"color:black\"><span style=\"font-weight:400\"><span style=\"font-style:normal\"><span style=\"text-decoration:none\"><span style=\"font-family:Calibri,sans-serif\">Ekartman (mm): 60 Sap Uzunlu\u011fu (mm): 150 K\u00f6pr\u00fc (mm): 25<br \/>\n\t\t\tG\u00fcnl\u00fck kullan\u0131ma uygun renkli UV400 camlar\u0131yla beraber stil tamamlay\u0131c\u0131 olarak<br \/>\n\t\t\tve zararl\u0131 \u0131\u015f\u0131nlardan korunmak i\u00e7in kullan\u0131l\u0131r.<br \/>\n\t\t\t\u00d6zel kutusunda g\u00f6nderilmektedir<\/span><\/span><\/span><\/span><\/span><\/span><\/td>\n<\/tr>\n<\/tbody>\n<\/table>\n","protected":false},"excerpt":{"rendered":"<p>Kad\u0131n L\u00fcks Mavi Renkli Cam G\u00fcne\u015f G\u00f6zl\u00fc\u011f\u00fc &#8211; Moda G\u00f6zl\u00fck<\/p>\n","protected":false},"featured_media":95741,"comment_status":"open","ping_status":"closed","template":"","meta":{"_kad_post_transparent":"","_kad_post_title":"","_kad_post_layout":"","_kad_post_sidebar_id":"","_kad_post_content_style":"","_kad_post_vertical_padding":"","_kad_post_feature":"","_kad_post_feature_position":"","_kad_post_header":false,"_kad_post_footer":false,"_kad_post_classname":""},"product_brand":[],"product_cat":[545,546,537],"product_tag":[],"class_list":{"0":"post-95742","1":"product","2":"type-product","3":"status-publish","4":"has-post-thumbnail","6":"product_cat-aksesuar","7":"product_cat-gunes-gozlugu-2","8":"product_cat-kadin","10":"first","11":"instock","12":"shipping-taxable","13":"purchasable","14":"product-type-simple","15":"entry","16":"content-bg","17":"loop-entry"},"_links":{"self":[{"href":"https:\/\/www.hediyepazar.com\/index.php?rest_route=\/wp\/v2\/product\/95742","targetHints":{"allow":["GET"]}}],"collection":[{"href":"https:\/\/www.hediyepazar.com\/index.php?rest_route=\/wp\/v2\/product"}],"about":[{"href":"https:\/\/www.hediyepazar.com\/index.php?rest_route=\/wp\/v2\/types\/product"}],"replies":[{"embeddable":true,"href":"https:\/\/www.hediyepazar.com\/index.php?rest_route=%2Fwp%2Fv2%2Fcomments&post=95742"}],"wp:featuredmedia":[{"embeddable":true,"href":"https:\/\/www.hediyepazar.com\/index.php?rest_route=\/wp\/v2\/media\/95741"}],"wp:attachment":[{"href":"https:\/\/www.hediyepazar.com\/index.php?rest_route=%2Fwp%2Fv2%2Fmedia&parent=95742"}],"wp:term":[{"taxonomy":"product_brand","embeddable":true,"href":"https:\/\/www.hediyepazar.com\/index.php?rest_route=%2Fwp%2Fv2%2Fproduct_brand&post=95742"},{"taxonomy":"product_cat","embeddable":true,"href":"https:\/\/www.hediyepazar.com\/index.php?rest_route=%2Fwp%2Fv2%2Fproduct_cat&post=95742"},{"taxonomy":"product_tag","embeddable":true,"href":"https:\/\/www.hediyepazar.com\/index.php?rest_route=%2Fwp%2Fv2%2Fproduct_tag&post=95742"}],"curies":[{"name":"wp","href":"https:\/\/api.w.org\/{rel}","templated":true}]}}