{"id":95848,"date":"2026-04-30T20:55:21","date_gmt":"2026-04-30T23:55:21","guid":{"rendered":"https:\/\/www.hediyepazar.com\/?product=cire-aseptine-soft-papatya-ozlu-besleyici-prebiyotikli-krem-100-ml"},"modified":"2026-04-30T20:55:21","modified_gmt":"2026-04-30T23:55:21","slug":"cire-aseptine-soft-papatya-ozlu-besleyici-prebiyotikli-krem-100-ml","status":"publish","type":"product","link":"https:\/\/www.hediyepazar.com\/?product=cire-aseptine-soft-papatya-ozlu-besleyici-prebiyotikli-krem-100-ml","title":{"rendered":"Cire Aseptine Soft Papatya \u00d6zl\u00fc Besleyici Prebiyotikli Krem 100 ml"},"content":{"rendered":"<table style=\"border-collapse:collapse; width:1407pt; border:none\" width=\"1875\">\n<colgroup>\n<col style=\"width:1407pt\" width=\"1875\" \/>\n\t<\/colgroup>\n<tbody>\n<tr height=\"19\" style=\"height:14.5pt\">\n<td height=\"19\" style=\"border:none; height:14.5pt; width:1407pt; padding-top:1px; padding-right:1px; padding-left:1px; vertical-align:bottom; white-space:nowrap\" width=\"1875\"><span style=\"font-size:11pt\"><span style=\"color:black\"><span style=\"font-weight:400\"><span style=\"font-style:normal\"><span style=\"text-decoration:none\"><span style=\"font-family:Calibri,sans-serif\">Cire Aseptine Soft Chamomile Extract Nourishing Prebiotic Cream 100 ml<br \/>\n\t\t\tE vitamini ve papatya &ouml;z&uuml; ile zenginle\u015ftirilmi\u015f form&uuml;l&uuml; d\u0131\u015f etkenlerden y\u0131pranan cildinizin beslenmesine , nemlendirilmesine, i&ccedil;erdi\u011fi prebiyotik sayesinde yararl\u0131 bakterilerin ciltte kalmas\u0131na ve cildin do\u011fal floras\u0131n\u0131 korumaya yard\u0131mc\u0131 olur. Dermatolojik olarak test edilmi\u015ftir. Paraben, alkol ve boya i&ccedil;ermez. \u0130htiya&ccedil; duydu\u011funuz her an cildinize uygulayabilirsiniz. H\u0131zl\u0131 emilir, ya\u011fl\u0131 his b\u0131rakmaz.<\/span><\/span><\/span><\/span><\/span><\/span><\/td>\n<\/tr>\n<\/tbody>\n<\/table>\n","protected":false},"excerpt":{"rendered":"<p>Cire Aseptine Soft Papatya \u00d6zl\u00fc Besleyici Prebiyotikli Krem 100 ml<\/p>\n","protected":false},"featured_media":95847,"comment_status":"open","ping_status":"closed","template":"","meta":{"_kad_post_transparent":"","_kad_post_title":"","_kad_post_layout":"","_kad_post_sidebar_id":"","_kad_post_content_style":"","_kad_post_vertical_padding":"","_kad_post_feature":"","_kad_post_feature_position":"","_kad_post_header":false,"_kad_post_footer":false,"_kad_post_classname":""},"product_brand":[],"product_cat":[566,574,452],"product_tag":[],"class_list":{"0":"post-95848","1":"product","2":"type-product","3":"status-publish","4":"has-post-thumbnail","6":"product_cat-cilt-bakimi","7":"product_cat-el-ayak-bakimi","8":"product_cat-kozmetik","10":"first","11":"instock","12":"shipping-taxable","13":"purchasable","14":"product-type-simple","15":"entry","16":"content-bg","17":"loop-entry"},"_links":{"self":[{"href":"https:\/\/www.hediyepazar.com\/index.php?rest_route=\/wp\/v2\/product\/95848","targetHints":{"allow":["GET"]}}],"collection":[{"href":"https:\/\/www.hediyepazar.com\/index.php?rest_route=\/wp\/v2\/product"}],"about":[{"href":"https:\/\/www.hediyepazar.com\/index.php?rest_route=\/wp\/v2\/types\/product"}],"replies":[{"embeddable":true,"href":"https:\/\/www.hediyepazar.com\/index.php?rest_route=%2Fwp%2Fv2%2Fcomments&post=95848"}],"wp:featuredmedia":[{"embeddable":true,"href":"https:\/\/www.hediyepazar.com\/index.php?rest_route=\/wp\/v2\/media\/95847"}],"wp:attachment":[{"href":"https:\/\/www.hediyepazar.com\/index.php?rest_route=%2Fwp%2Fv2%2Fmedia&parent=95848"}],"wp:term":[{"taxonomy":"product_brand","embeddable":true,"href":"https:\/\/www.hediyepazar.com\/index.php?rest_route=%2Fwp%2Fv2%2Fproduct_brand&post=95848"},{"taxonomy":"product_cat","embeddable":true,"href":"https:\/\/www.hediyepazar.com\/index.php?rest_route=%2Fwp%2Fv2%2Fproduct_cat&post=95848"},{"taxonomy":"product_tag","embeddable":true,"href":"https:\/\/www.hediyepazar.com\/index.php?rest_route=%2Fwp%2Fv2%2Fproduct_tag&post=95848"}],"curies":[{"name":"wp","href":"https:\/\/api.w.org\/{rel}","templated":true}]}}