{"id":95866,"date":"2026-04-30T20:56:21","date_gmt":"2026-04-30T23:56:21","guid":{"rendered":"https:\/\/www.hediyepazar.com\/?product=cire-aseptine-klasik-cicek-ozlu-yogun-bakim-kremi-150-ml"},"modified":"2026-04-30T20:56:21","modified_gmt":"2026-04-30T23:56:21","slug":"cire-aseptine-klasik-cicek-ozlu-yogun-bakim-kremi-150-ml","status":"publish","type":"product","link":"https:\/\/www.hediyepazar.com\/?product=cire-aseptine-klasik-cicek-ozlu-yogun-bakim-kremi-150-ml","title":{"rendered":"Cire Aseptine Klasik \u00c7i\u00e7ek \u00d6zl\u00fc Yo\u011fun Bak\u0131m Kremi 150 ml"},"content":{"rendered":"<table style=\"border-collapse:collapse; width:1407pt; border:none\" width=\"1875\">\n<colgroup>\n<col style=\"width:1407pt\" width=\"1875\" \/>\n\t<\/colgroup>\n<tbody>\n<tr height=\"19\" style=\"height:14.5pt\">\n<td height=\"19\" style=\"border:none; height:14.5pt; width:1407pt; padding-top:1px; padding-right:1px; padding-left:1px; vertical-align:bottom; white-space:nowrap\" width=\"1875\"><span style=\"font-size:11pt\"><span style=\"color:black\"><span style=\"font-weight:400\"><span style=\"font-style:normal\"><span style=\"text-decoration:none\"><span style=\"font-family:Calibri,sans-serif\">Cire Aseptine Klasik &Ccedil;i&ccedil;ek &Ouml;zl&uuml; Yo\u011fun Bak\u0131m Kremi 150 ml<br \/>\n\t\t\t&Ccedil;ok y&ouml;nl&uuml; bak\u0131m &ouml;zelli\u011fi ile m&uuml;kemmel bir cilt bak\u0131m kremidir. Cildi d\u0131\u015f etkenlere kar\u015f\u0131 korur. Yo\u011fun nem verme &ouml;zelli\u011fi ile cilde yumu\u015fak ve parlak bir g&ouml;r&uuml;n&uuml;m kazand\u0131r\u0131r. Kuruyan ve &ccedil;atlayan ciltlerin bak\u0131m\u0131 i&ccedil;in idealdir.G&uuml;nl&uuml;k kullan\u0131m i&ccedil;in uygundur. Dermatolojik olarak test edilmi\u015ftir.<\/span><\/span><\/span><\/span><\/span><\/span><\/td>\n<\/tr>\n<\/tbody>\n<\/table>\n","protected":false},"excerpt":{"rendered":"<p>Cire Aseptine Klasik \u00c7i\u00e7ek \u00d6zl\u00fc Yo\u011fun Bak\u0131m Kremi 150 ml<\/p>\n","protected":false},"featured_media":95865,"comment_status":"open","ping_status":"closed","template":"","meta":{"_kad_post_transparent":"","_kad_post_title":"","_kad_post_layout":"","_kad_post_sidebar_id":"","_kad_post_content_style":"","_kad_post_vertical_padding":"","_kad_post_feature":"","_kad_post_feature_position":"","_kad_post_header":false,"_kad_post_footer":false,"_kad_post_classname":""},"product_brand":[],"product_cat":[566,574,452],"product_tag":[],"class_list":{"0":"post-95866","1":"product","2":"type-product","3":"status-publish","4":"has-post-thumbnail","6":"product_cat-cilt-bakimi","7":"product_cat-el-ayak-bakimi","8":"product_cat-kozmetik","10":"first","11":"instock","12":"shipping-taxable","13":"purchasable","14":"product-type-simple","15":"entry","16":"content-bg","17":"loop-entry"},"_links":{"self":[{"href":"https:\/\/www.hediyepazar.com\/index.php?rest_route=\/wp\/v2\/product\/95866","targetHints":{"allow":["GET"]}}],"collection":[{"href":"https:\/\/www.hediyepazar.com\/index.php?rest_route=\/wp\/v2\/product"}],"about":[{"href":"https:\/\/www.hediyepazar.com\/index.php?rest_route=\/wp\/v2\/types\/product"}],"replies":[{"embeddable":true,"href":"https:\/\/www.hediyepazar.com\/index.php?rest_route=%2Fwp%2Fv2%2Fcomments&post=95866"}],"wp:featuredmedia":[{"embeddable":true,"href":"https:\/\/www.hediyepazar.com\/index.php?rest_route=\/wp\/v2\/media\/95865"}],"wp:attachment":[{"href":"https:\/\/www.hediyepazar.com\/index.php?rest_route=%2Fwp%2Fv2%2Fmedia&parent=95866"}],"wp:term":[{"taxonomy":"product_brand","embeddable":true,"href":"https:\/\/www.hediyepazar.com\/index.php?rest_route=%2Fwp%2Fv2%2Fproduct_brand&post=95866"},{"taxonomy":"product_cat","embeddable":true,"href":"https:\/\/www.hediyepazar.com\/index.php?rest_route=%2Fwp%2Fv2%2Fproduct_cat&post=95866"},{"taxonomy":"product_tag","embeddable":true,"href":"https:\/\/www.hediyepazar.com\/index.php?rest_route=%2Fwp%2Fv2%2Fproduct_tag&post=95866"}],"curies":[{"name":"wp","href":"https:\/\/api.w.org\/{rel}","templated":true}]}}