{"id":95974,"date":"2026-04-30T21:03:11","date_gmt":"2026-05-01T00:03:11","guid":{"rendered":"https:\/\/www.hediyepazar.com\/?product=axe-dark-temptation-bay-parfum-kofre-150-ml"},"modified":"2026-04-30T21:03:11","modified_gmt":"2026-05-01T00:03:11","slug":"axe-dark-temptation-bay-parfum-kofre-150-ml","status":"publish","type":"product","link":"https:\/\/www.hediyepazar.com\/?product=axe-dark-temptation-bay-parfum-kofre-150-ml","title":{"rendered":"Axe Dark Temptat\u0131on Bay Parf\u00fcm Kofre 150 ml"},"content":{"rendered":"<table style=\"border-collapse:collapse; width:207pt; border:none\" width=\"275\">\n<colgroup>\n<col style=\"width:207pt\" width=\"275\" \/>\n\t<\/colgroup>\n<tbody>\n<tr height=\"25\" style=\"height:18.5pt\">\n<td height=\"25\" style=\"border:none; height:18.5pt; width:207pt; padding-top:1px; padding-right:1px; padding-left:1px; vertical-align:bottom; white-space:nowrap\" width=\"275\"><span style=\"font-size:11pt\"><span style=\"color:black\"><span style=\"font-weight:400\"><span style=\"font-style:normal\"><span style=\"text-decoration:none\"><span style=\"font-family:Calibri,sans-serif\">Axe etkisi ile etkileyici kokunun &ccedil;ekicili\u011fini ikiye katlamas\u0131n\u0131 ister misin?<\/p>\n<p>\t\t\tTer kokusuna kar\u015f\u0131 m&uuml;cadelende yan\u0131nda olan yeni Axe Dark Temptation<br \/>\n\t\t\tXL Deodorant &amp; Bodyspray erkek deodorant\u0131, 48 saat boyunca kal\u0131c\u0131l\u0131\u011f\u0131n\u0131 koruyan %100 harika kokusuyla ter kokusunu maskelemez, durdurur.<br \/>\n\t\t\tEtkileyici kokusuyla bu sprey deodorant, g&uuml;n boyu ferah hissetmeni sa\u011flar. Axe&rsquo;\u0131n etkileyici kokusu &uuml;zerindeyken kar\u015f\u0131 konulmaz hissetmen ka&ccedil;\u0131n\u0131lmaz.<br \/>\n\t\t\t&Uuml;stelik \u015fimdi tam sana g&ouml;re yeni XL boyuyla Axe Dark Temptation XL ekstra b&uuml;y&uuml;k, ekstra &ccedil;ekici!<\/p>\n<p>\t\t\tYo\u011fun g&uuml;nlerinde ter kokusunun modunu a\u015fa\u011f\u0131 &ccedil;ekmesine izin verme.<br \/>\n\t\t\tYeni Axe Dark Temptation XL Deodorant &amp; Bodyspray&rsquo;in 200 ml XL boyutu ile ter kokusu art\u0131k korkulu r&uuml;yan olmayacak<br \/>\n\t\t\t&ccedil;&uuml;nk&uuml; Axe ter kokusunu maskelemez, durdurur.<br \/>\n\t\t\t&Ccedil;ikolatan\u0131n k\u0131\u015fk\u0131rt\u0131c\u0131 lezzetini Axe etkisi ile bulu\u015fturan Axe Dark Temptation XL, ter kokusuyla sonuna kadar sava\u015f\u0131r.<br \/>\n\t\t\tYepyeni XL boyu, &ccedil;ekici ve haval\u0131 kokusuyla t&uuml;m v&uuml;cudunda kullanabilece\u011fin Axe v&uuml;cut spreyi; g&uuml;n boyu seni terlemenin getirdi\u011fi k&ouml;t&uuml; kokulardan korur.<br \/>\n\t\t\tAxe deodorant\u0131n etkileyici kokusuyla bitter &ccedil;ikolatan\u0131n s\u0131n\u0131rs\u0131z ferahl\u0131\u011f\u0131 48 saat boyunca seninle.<\/p>\n<p>\t\t\tG&uuml;n boyu harika kokunla herkesi etkilemek ve &ouml;zg&uuml;veninden &ouml;d&uuml;n vermeden hareket etmek i&ccedil;in &ccedil;&ouml;z&uuml;m &ccedil;ok basit.<br \/>\n\t\t\tYeni Axe Dark Temptation XL ile &ccedil;ekicili\u011fini ikiye katla!<br \/>\n\t\t\tErkek deodorant &ouml;nerisi arayanlar i&ccedil;in ter kokusunu maskelemeden durduran, 48 saat kal\u0131c\u0131<br \/>\n\t\t\tyeni Axe Dark Temptation XL Deodorant &amp; Bodyspray: ekstra b&uuml;y&uuml;k, ekstra &ccedil;ekici!<\/p>\n<p>\t\t\t\u0130&ccedil;indekiler: Alcohol Denat., Butane, Isobutane, Propane, Parfum, Zinc Neodecanoate, Isopropyl Myristate,<br \/>\n\t\t\tAmyl Cinnamal, Citral, Citronellol, Coumarin, Limonene, Linalool.<\/span><\/span><\/span><\/span><\/span><\/span><\/td>\n<\/tr>\n<\/tbody>\n<\/table>\n","protected":false},"excerpt":{"rendered":"<p>Axe Dark Temptat\u0131on Bay Parf\u00fcm Kofre 150 ml<\/p>\n","protected":false},"featured_media":95973,"comment_status":"open","ping_status":"closed","template":"","meta":{"_kad_post_transparent":"","_kad_post_title":"","_kad_post_layout":"","_kad_post_sidebar_id":"","_kad_post_content_style":"","_kad_post_vertical_padding":"","_kad_post_feature":"","_kad_post_feature_position":"","_kad_post_header":false,"_kad_post_footer":false,"_kad_post_classname":""},"product_brand":[],"product_cat":[634,452,584],"product_tag":[],"class_list":{"0":"post-95974","1":"product","2":"type-product","3":"status-publish","4":"has-post-thumbnail","6":"product_cat-deodorant","7":"product_cat-kozmetik","8":"product_cat-parfum-deodorant","10":"first","11":"instock","12":"shipping-taxable","13":"purchasable","14":"product-type-simple","15":"entry","16":"content-bg","17":"loop-entry"},"_links":{"self":[{"href":"https:\/\/www.hediyepazar.com\/index.php?rest_route=\/wp\/v2\/product\/95974","targetHints":{"allow":["GET"]}}],"collection":[{"href":"https:\/\/www.hediyepazar.com\/index.php?rest_route=\/wp\/v2\/product"}],"about":[{"href":"https:\/\/www.hediyepazar.com\/index.php?rest_route=\/wp\/v2\/types\/product"}],"replies":[{"embeddable":true,"href":"https:\/\/www.hediyepazar.com\/index.php?rest_route=%2Fwp%2Fv2%2Fcomments&post=95974"}],"wp:featuredmedia":[{"embeddable":true,"href":"https:\/\/www.hediyepazar.com\/index.php?rest_route=\/wp\/v2\/media\/95973"}],"wp:attachment":[{"href":"https:\/\/www.hediyepazar.com\/index.php?rest_route=%2Fwp%2Fv2%2Fmedia&parent=95974"}],"wp:term":[{"taxonomy":"product_brand","embeddable":true,"href":"https:\/\/www.hediyepazar.com\/index.php?rest_route=%2Fwp%2Fv2%2Fproduct_brand&post=95974"},{"taxonomy":"product_cat","embeddable":true,"href":"https:\/\/www.hediyepazar.com\/index.php?rest_route=%2Fwp%2Fv2%2Fproduct_cat&post=95974"},{"taxonomy":"product_tag","embeddable":true,"href":"https:\/\/www.hediyepazar.com\/index.php?rest_route=%2Fwp%2Fv2%2Fproduct_tag&post=95974"}],"curies":[{"name":"wp","href":"https:\/\/api.w.org\/{rel}","templated":true}]}}