{"id":95988,"date":"2026-04-30T21:04:39","date_gmt":"2026-05-01T00:04:39","guid":{"rendered":"https:\/\/www.hediyepazar.com\/?product=2-adet-axe-ice-chill-erkek-deodorant-sprey-150-ml"},"modified":"2026-04-30T21:04:39","modified_gmt":"2026-05-01T00:04:39","slug":"2-adet-axe-ice-chill-erkek-deodorant-sprey-150-ml","status":"publish","type":"product","link":"https:\/\/www.hediyepazar.com\/?product=2-adet-axe-ice-chill-erkek-deodorant-sprey-150-ml","title":{"rendered":"2 Adet Axe Ice Chill Erkek Deodorant Sprey 150 ml"},"content":{"rendered":"<table style=\"border-collapse:collapse; width:207pt; border:none\" width=\"275\">\n<colgroup>\n<col style=\"width:207pt\" width=\"275\" \/>\n\t<\/colgroup>\n<tbody>\n<tr height=\"25\" style=\"height:18.5pt\">\n<td height=\"25\" style=\"border:none; height:18.5pt; width:207pt; padding-top:1px; padding-right:1px; padding-left:1px; vertical-align:bottom; white-space:nowrap\" width=\"275\"><span style=\"font-size:11pt\"><span style=\"color:black\"><span style=\"font-weight:400\"><span style=\"font-style:normal\"><span style=\"text-decoration:none\"><span style=\"font-family:Calibri,sans-serif\">Ferah, aromatik ve odunsu bir kokuya sahiptir.-<br \/>\n\t\t\tBergamot, okaliptus ve limon kokusu i&ccedil;erir. &#8211;<br \/>\n\t\t\tEtkisini en uzun gecelerde bile hissettirir, 48 saate kadar ferahl\u0131k.-<br \/>\n\t\t\tOfisteki &ccedil;ekmecenizde, araban\u0131zda ve evde bulundurarak g&uuml;n boyu temiz hissetmenizi sa\u011flayacak.- Pudras\u0131z.<\/span><\/span><\/span><\/span><\/span><\/span><\/td>\n<\/tr>\n<\/tbody>\n<\/table>\n","protected":false},"excerpt":{"rendered":"<p>2 Adet Axe Ice Chill Erkek Deodorant Sprey 150 ml<\/p>\n","protected":false},"featured_media":95987,"comment_status":"open","ping_status":"closed","template":"","meta":{"_kad_post_transparent":"","_kad_post_title":"","_kad_post_layout":"","_kad_post_sidebar_id":"","_kad_post_content_style":"","_kad_post_vertical_padding":"","_kad_post_feature":"","_kad_post_feature_position":"","_kad_post_header":false,"_kad_post_footer":false,"_kad_post_classname":""},"product_brand":[],"product_cat":[634,452,584],"product_tag":[],"class_list":{"0":"post-95988","1":"product","2":"type-product","3":"status-publish","4":"has-post-thumbnail","6":"product_cat-deodorant","7":"product_cat-kozmetik","8":"product_cat-parfum-deodorant","10":"first","11":"instock","12":"shipping-taxable","13":"purchasable","14":"product-type-simple","15":"entry","16":"content-bg","17":"loop-entry"},"_links":{"self":[{"href":"https:\/\/www.hediyepazar.com\/index.php?rest_route=\/wp\/v2\/product\/95988","targetHints":{"allow":["GET"]}}],"collection":[{"href":"https:\/\/www.hediyepazar.com\/index.php?rest_route=\/wp\/v2\/product"}],"about":[{"href":"https:\/\/www.hediyepazar.com\/index.php?rest_route=\/wp\/v2\/types\/product"}],"replies":[{"embeddable":true,"href":"https:\/\/www.hediyepazar.com\/index.php?rest_route=%2Fwp%2Fv2%2Fcomments&post=95988"}],"wp:featuredmedia":[{"embeddable":true,"href":"https:\/\/www.hediyepazar.com\/index.php?rest_route=\/wp\/v2\/media\/95987"}],"wp:attachment":[{"href":"https:\/\/www.hediyepazar.com\/index.php?rest_route=%2Fwp%2Fv2%2Fmedia&parent=95988"}],"wp:term":[{"taxonomy":"product_brand","embeddable":true,"href":"https:\/\/www.hediyepazar.com\/index.php?rest_route=%2Fwp%2Fv2%2Fproduct_brand&post=95988"},{"taxonomy":"product_cat","embeddable":true,"href":"https:\/\/www.hediyepazar.com\/index.php?rest_route=%2Fwp%2Fv2%2Fproduct_cat&post=95988"},{"taxonomy":"product_tag","embeddable":true,"href":"https:\/\/www.hediyepazar.com\/index.php?rest_route=%2Fwp%2Fv2%2Fproduct_tag&post=95988"}],"curies":[{"name":"wp","href":"https:\/\/api.w.org\/{rel}","templated":true}]}}