{"id":96030,"date":"2026-04-30T21:08:32","date_gmt":"2026-05-01T00:08:32","guid":{"rendered":"https:\/\/www.hediyepazar.com\/?product=els-hamur-kupe-cok-renkli"},"modified":"2026-04-30T21:08:32","modified_gmt":"2026-05-01T00:08:32","slug":"els-hamur-kupe-cok-renkli","status":"publish","type":"product","link":"https:\/\/www.hediyepazar.com\/?product=els-hamur-kupe-cok-renkli","title":{"rendered":"Els Hamur K\u00fcpe &#8211; \u00c7OK RENKL\u0130"},"content":{"rendered":"<p>Els Hamur K\u00fcpe &#8211; \u00c7OK RENKL\u0130<\/p>\n","protected":false},"excerpt":{"rendered":"<p>Els Hamur K\u00fcpe &#8211; \u00c7OK RENKL\u0130<\/p>\n","protected":false},"featured_media":96029,"comment_status":"open","ping_status":"closed","template":"","meta":{"_kad_post_transparent":"","_kad_post_title":"","_kad_post_layout":"","_kad_post_sidebar_id":"","_kad_post_content_style":"","_kad_post_vertical_padding":"","_kad_post_feature":"","_kad_post_feature_position":"","_kad_post_header":false,"_kad_post_footer":false,"_kad_post_classname":""},"product_brand":[],"product_cat":[766,763,767],"product_tag":[],"class_list":{"0":"post-96030","1":"product","2":"type-product","3":"status-publish","4":"has-post-thumbnail","6":"product_cat-kupe","7":"product_cat-taki-mucevher","8":"product_cat-zr-kupe","10":"first","11":"instock","12":"shipping-taxable","13":"purchasable","14":"product-type-simple","15":"entry","16":"content-bg","17":"loop-entry"},"_links":{"self":[{"href":"https:\/\/www.hediyepazar.com\/index.php?rest_route=\/wp\/v2\/product\/96030","targetHints":{"allow":["GET"]}}],"collection":[{"href":"https:\/\/www.hediyepazar.com\/index.php?rest_route=\/wp\/v2\/product"}],"about":[{"href":"https:\/\/www.hediyepazar.com\/index.php?rest_route=\/wp\/v2\/types\/product"}],"replies":[{"embeddable":true,"href":"https:\/\/www.hediyepazar.com\/index.php?rest_route=%2Fwp%2Fv2%2Fcomments&post=96030"}],"wp:featuredmedia":[{"embeddable":true,"href":"https:\/\/www.hediyepazar.com\/index.php?rest_route=\/wp\/v2\/media\/96029"}],"wp:attachment":[{"href":"https:\/\/www.hediyepazar.com\/index.php?rest_route=%2Fwp%2Fv2%2Fmedia&parent=96030"}],"wp:term":[{"taxonomy":"product_brand","embeddable":true,"href":"https:\/\/www.hediyepazar.com\/index.php?rest_route=%2Fwp%2Fv2%2Fproduct_brand&post=96030"},{"taxonomy":"product_cat","embeddable":true,"href":"https:\/\/www.hediyepazar.com\/index.php?rest_route=%2Fwp%2Fv2%2Fproduct_cat&post=96030"},{"taxonomy":"product_tag","embeddable":true,"href":"https:\/\/www.hediyepazar.com\/index.php?rest_route=%2Fwp%2Fv2%2Fproduct_tag&post=96030"}],"curies":[{"name":"wp","href":"https:\/\/api.w.org\/{rel}","templated":true}]}}