{"id":96684,"date":"2026-04-30T21:49:33","date_gmt":"2026-05-01T00:49:33","guid":{"rendered":"https:\/\/www.hediyepazar.com\/?product=3lu-set-bilezik-kirmizi"},"modified":"2026-04-30T21:49:33","modified_gmt":"2026-05-01T00:49:33","slug":"3lu-set-bilezik-kirmizi","status":"publish","type":"product","link":"https:\/\/www.hediyepazar.com\/?product=3lu-set-bilezik-kirmizi","title":{"rendered":"3&#8217;L\u00fc Set Bilezik &#8211; K\u0131rm\u0131z\u0131"},"content":{"rendered":"<p>3&#8217;L\u00fc Set Bilezik &#8211; K\u0131rm\u0131z\u0131<\/p>\n","protected":false},"excerpt":{"rendered":"<p>3&#8217;L\u00fc Set Bilezik &#8211; K\u0131rm\u0131z\u0131<\/p>\n","protected":false},"featured_media":96683,"comment_status":"open","ping_status":"closed","template":"","meta":{"_kad_post_transparent":"","_kad_post_title":"","_kad_post_layout":"","_kad_post_sidebar_id":"","_kad_post_content_style":"","_kad_post_vertical_padding":"","_kad_post_feature":"","_kad_post_feature_position":"","_kad_post_header":false,"_kad_post_footer":false,"_kad_post_classname":""},"product_brand":[],"product_cat":[772,763,774],"product_tag":[],"class_list":{"0":"post-96684","1":"product","2":"type-product","3":"status-publish","4":"has-post-thumbnail","6":"product_cat-bilezik","7":"product_cat-taki-mucevher","8":"product_cat-vip-bilezik","10":"first","11":"instock","12":"shipping-taxable","13":"purchasable","14":"product-type-simple","15":"entry","16":"content-bg","17":"loop-entry"},"_links":{"self":[{"href":"https:\/\/www.hediyepazar.com\/index.php?rest_route=\/wp\/v2\/product\/96684","targetHints":{"allow":["GET"]}}],"collection":[{"href":"https:\/\/www.hediyepazar.com\/index.php?rest_route=\/wp\/v2\/product"}],"about":[{"href":"https:\/\/www.hediyepazar.com\/index.php?rest_route=\/wp\/v2\/types\/product"}],"replies":[{"embeddable":true,"href":"https:\/\/www.hediyepazar.com\/index.php?rest_route=%2Fwp%2Fv2%2Fcomments&post=96684"}],"wp:featuredmedia":[{"embeddable":true,"href":"https:\/\/www.hediyepazar.com\/index.php?rest_route=\/wp\/v2\/media\/96683"}],"wp:attachment":[{"href":"https:\/\/www.hediyepazar.com\/index.php?rest_route=%2Fwp%2Fv2%2Fmedia&parent=96684"}],"wp:term":[{"taxonomy":"product_brand","embeddable":true,"href":"https:\/\/www.hediyepazar.com\/index.php?rest_route=%2Fwp%2Fv2%2Fproduct_brand&post=96684"},{"taxonomy":"product_cat","embeddable":true,"href":"https:\/\/www.hediyepazar.com\/index.php?rest_route=%2Fwp%2Fv2%2Fproduct_cat&post=96684"},{"taxonomy":"product_tag","embeddable":true,"href":"https:\/\/www.hediyepazar.com\/index.php?rest_route=%2Fwp%2Fv2%2Fproduct_tag&post=96684"}],"curies":[{"name":"wp","href":"https:\/\/api.w.org\/{rel}","templated":true}]}}