{"id":9724,"date":"2026-04-26T07:21:23","date_gmt":"2026-04-26T10:21:23","guid":{"rendered":"https:\/\/www.hediyepazar.com\/?product=orbus-ots1000w-12-volt-1000-watt-tam-sinus-invertor"},"modified":"2026-04-26T07:21:25","modified_gmt":"2026-04-26T10:21:25","slug":"orbus-ots1000w-12-volt-1000-watt-tam-sinus-invertor","status":"publish","type":"product","link":"https:\/\/www.hediyepazar.com\/?product=orbus-ots1000w-12-volt-1000-watt-tam-sinus-invertor","title":{"rendered":"Orbus Ots1000w 12 Volt 1000 Watt Tam Sin\u00fcs \u0130nvert\u00f6r"},"content":{"rendered":"<p>Orbus Ots1000w 12 Volt 1000 Watt Tam Sin\u00fcs \u0130nvert\u00f6r<\/p>\n","protected":false},"excerpt":{"rendered":"<p>Orbus Ots1000w 12 Volt 1000 Watt Tam Sin\u00fcs \u0130nvert\u00f6r<\/p>\n","protected":false},"featured_media":9725,"comment_status":"closed","ping_status":"open","template":"","meta":{"_kad_post_transparent":"","_kad_post_title":"","_kad_post_layout":"","_kad_post_sidebar_id":"","_kad_post_content_style":"","_kad_post_vertical_padding":"","_kad_post_feature":"","_kad_post_feature_position":"","_kad_post_header":false,"_kad_post_footer":false,"_kad_post_classname":""},"product_brand":[],"product_cat":[426],"product_tag":[],"class_list":{"0":"post-9724","1":"product","2":"type-product","3":"status-publish","4":"has-post-thumbnail","6":"product_cat-adaptor-aku-pil","8":"first","9":"instock","10":"purchasable","11":"product-type-simple","12":"entry","13":"content-bg","14":"loop-entry"},"_links":{"self":[{"href":"https:\/\/www.hediyepazar.com\/index.php?rest_route=\/wp\/v2\/product\/9724","targetHints":{"allow":["GET"]}}],"collection":[{"href":"https:\/\/www.hediyepazar.com\/index.php?rest_route=\/wp\/v2\/product"}],"about":[{"href":"https:\/\/www.hediyepazar.com\/index.php?rest_route=\/wp\/v2\/types\/product"}],"replies":[{"embeddable":true,"href":"https:\/\/www.hediyepazar.com\/index.php?rest_route=%2Fwp%2Fv2%2Fcomments&post=9724"}],"wp:featuredmedia":[{"embeddable":true,"href":"https:\/\/www.hediyepazar.com\/index.php?rest_route=\/wp\/v2\/media\/9725"}],"wp:attachment":[{"href":"https:\/\/www.hediyepazar.com\/index.php?rest_route=%2Fwp%2Fv2%2Fmedia&parent=9724"}],"wp:term":[{"taxonomy":"product_brand","embeddable":true,"href":"https:\/\/www.hediyepazar.com\/index.php?rest_route=%2Fwp%2Fv2%2Fproduct_brand&post=9724"},{"taxonomy":"product_cat","embeddable":true,"href":"https:\/\/www.hediyepazar.com\/index.php?rest_route=%2Fwp%2Fv2%2Fproduct_cat&post=9724"},{"taxonomy":"product_tag","embeddable":true,"href":"https:\/\/www.hediyepazar.com\/index.php?rest_route=%2Fwp%2Fv2%2Fproduct_tag&post=9724"}],"curies":[{"name":"wp","href":"https:\/\/api.w.org\/{rel}","templated":true}]}}