{"id":98003,"date":"2026-04-30T23:16:10","date_gmt":"2026-05-01T02:16:10","guid":{"rendered":"https:\/\/www.hediyepazar.com\/?product=otomatik-sarjli-damacana-su-pompasi-9041"},"modified":"2026-04-30T23:16:10","modified_gmt":"2026-05-01T02:16:10","slug":"otomatik-sarjli-damacana-su-pompasi-9041","status":"publish","type":"product","link":"https:\/\/www.hediyepazar.com\/?product=otomatik-sarjli-damacana-su-pompasi-9041","title":{"rendered":"Otomatik \u015earjl\u0131 Damacana Su Pompas\u0131 9041"},"content":{"rendered":"<p style=\"margin-right: 0px; margin-bottom: 10px; margin-left: 0px; color: rgb(102, 102, 102); font-family: Poppins, sans-serif; letter-spacing: 0.3px; outline: 0px !important;\">Uzun \u00f6m\u00fcrl\u00fc \u015farj \u00f6zelli\u011fi bulunmaktad\u0131r.<\/p>\n<p style=\"margin-right: 0px; margin-bottom: 10px; margin-left: 0px; color: rgb(102, 102, 102); font-family: Poppins, sans-serif; letter-spacing: 0.3px; outline: 0px !important;\">Elektronik damacana su pompas\u0131 \u015farj edilebilir \u00f6zelli\u011fi ile kablosuz kullan\u0131m sa\u011flar.<\/p>\n<p style=\"margin-right: 0px; margin-bottom: 10px; margin-left: 0px; color: rgb(102, 102, 102); font-family: Poppins, sans-serif; letter-spacing: 0.3px; outline: 0px !important;\">Istedi\u011finiz yere damacanan\u0131z\u0131 ta\u015f\u0131yabilirsiniz.<\/p>\n<p style=\"margin-right: 0px; margin-bottom: 10px; margin-left: 0px; color: rgb(102, 102, 102); font-family: Poppins, sans-serif; letter-spacing: 0.3px; outline: 0px !important;\">H\u0131zl\u0131 su ak\u0131\u015f\u0131 sayesinde kolayca tencere, kettle gibi ev gere\u00e7lerinizi doldurabilir, bir bardak suyu h\u0131zl\u0131ca doldurabilirsiniz.<\/p>\n<p style=\"margin-right: 0px; margin-bottom: 10px; margin-left: 0px; color: rgb(102, 102, 102); font-family: Poppins, sans-serif; letter-spacing: 0.3px; outline: 0px !important;\">Hayat\u0131n\u0131z\u0131 tek tu\u015f ile kolayla\u015ft\u0131racak ak\u0131ll\u0131 su pompas\u0131d\u0131r.<\/p>\n","protected":false},"excerpt":{"rendered":"<p>Otomatik \u015earjl\u0131 Damacana Su Pompas\u0131 9041<\/p>\n","protected":false},"featured_media":98002,"comment_status":"open","ping_status":"closed","template":"","meta":{"_kad_post_transparent":"","_kad_post_title":"","_kad_post_layout":"","_kad_post_sidebar_id":"","_kad_post_content_style":"","_kad_post_vertical_padding":"","_kad_post_feature":"","_kad_post_feature_position":"","_kad_post_header":false,"_kad_post_footer":false,"_kad_post_classname":""},"product_brand":[],"product_cat":[656,557,657],"product_tag":[],"class_list":{"0":"post-98003","1":"product","2":"type-product","3":"status-publish","4":"has-post-thumbnail","6":"product_cat-bahce-yapi-market","7":"product_cat-ev-yasam","8":"product_cat-yapi-market","10":"first","11":"instock","12":"shipping-taxable","13":"purchasable","14":"product-type-simple","15":"entry","16":"content-bg","17":"loop-entry"},"_links":{"self":[{"href":"https:\/\/www.hediyepazar.com\/index.php?rest_route=\/wp\/v2\/product\/98003","targetHints":{"allow":["GET"]}}],"collection":[{"href":"https:\/\/www.hediyepazar.com\/index.php?rest_route=\/wp\/v2\/product"}],"about":[{"href":"https:\/\/www.hediyepazar.com\/index.php?rest_route=\/wp\/v2\/types\/product"}],"replies":[{"embeddable":true,"href":"https:\/\/www.hediyepazar.com\/index.php?rest_route=%2Fwp%2Fv2%2Fcomments&post=98003"}],"wp:featuredmedia":[{"embeddable":true,"href":"https:\/\/www.hediyepazar.com\/index.php?rest_route=\/wp\/v2\/media\/98002"}],"wp:attachment":[{"href":"https:\/\/www.hediyepazar.com\/index.php?rest_route=%2Fwp%2Fv2%2Fmedia&parent=98003"}],"wp:term":[{"taxonomy":"product_brand","embeddable":true,"href":"https:\/\/www.hediyepazar.com\/index.php?rest_route=%2Fwp%2Fv2%2Fproduct_brand&post=98003"},{"taxonomy":"product_cat","embeddable":true,"href":"https:\/\/www.hediyepazar.com\/index.php?rest_route=%2Fwp%2Fv2%2Fproduct_cat&post=98003"},{"taxonomy":"product_tag","embeddable":true,"href":"https:\/\/www.hediyepazar.com\/index.php?rest_route=%2Fwp%2Fv2%2Fproduct_tag&post=98003"}],"curies":[{"name":"wp","href":"https:\/\/api.w.org\/{rel}","templated":true}]}}