{"id":98560,"date":"2026-04-30T23:48:42","date_gmt":"2026-05-01T02:48:42","guid":{"rendered":"https:\/\/www.hediyepazar.com\/?product=buyuk-bitki-cayi-demleme-suzgeci-royaleks-enf-1043"},"modified":"2026-04-30T23:48:42","modified_gmt":"2026-05-01T02:48:42","slug":"buyuk-bitki-cayi-demleme-suzgeci-royaleks-enf-1043","status":"publish","type":"product","link":"https:\/\/www.hediyepazar.com\/?product=buyuk-bitki-cayi-demleme-suzgeci-royaleks-enf-1043","title":{"rendered":"B\u00fcy\u00fck Bitki \u00c7ay\u0131 Demleme S\u00fczgeci Royaleks-ENF-1043"},"content":{"rendered":"<table style=\"border-collapse:collapse; width:179pt; border:none\" width=\"239\">\n<colgroup>\n<col style=\"width:179pt\" width=\"239\">\n\t<\/colgroup>\n<tbody>\n<tr height=\"19\" style=\"height:14.25pt\">\n<td height=\"19\" style=\"border:none; height:14.25pt; width:179pt; padding-top:1px; padding-right:1px; padding-left:1px; vertical-align:bottom; white-space:nowrap\" width=\"239\"><\/td>\n<\/tr>\n<\/tbody>\n<\/table>\n<p><font face=\"Calibri, sans-serif\"><span style=\"font-size: 14.6667px; text-wrap-mode: nowrap;\">B\u00fcy\u00fck Bitki \u00c7ay\u0131 Demleme S\u00fczgeci Royaleks-ENF-1043<\/span><\/font><\/p>\n","protected":false},"excerpt":{"rendered":"<p>B\u00fcy\u00fck Bitki \u00c7ay\u0131 Demleme S\u00fczgeci Royaleks-ENF-1043<\/p>\n","protected":false},"featured_media":89007,"comment_status":"open","ping_status":"closed","template":"","meta":{"_kad_post_transparent":"","_kad_post_title":"","_kad_post_layout":"","_kad_post_sidebar_id":"","_kad_post_content_style":"","_kad_post_vertical_padding":"","_kad_post_feature":"","_kad_post_feature_position":"","_kad_post_header":false,"_kad_post_footer":false,"_kad_post_classname":""},"product_brand":[],"product_cat":[557,558,560],"product_tag":[],"class_list":{"0":"post-98560","1":"product","2":"type-product","3":"status-publish","4":"has-post-thumbnail","6":"product_cat-ev-yasam","7":"product_cat-sofra-mutfak-2","8":"product_cat-yemek-hazirlik","10":"first","11":"instock","12":"shipping-taxable","13":"purchasable","14":"product-type-simple","15":"entry","16":"content-bg","17":"loop-entry"},"_links":{"self":[{"href":"https:\/\/www.hediyepazar.com\/index.php?rest_route=\/wp\/v2\/product\/98560","targetHints":{"allow":["GET"]}}],"collection":[{"href":"https:\/\/www.hediyepazar.com\/index.php?rest_route=\/wp\/v2\/product"}],"about":[{"href":"https:\/\/www.hediyepazar.com\/index.php?rest_route=\/wp\/v2\/types\/product"}],"replies":[{"embeddable":true,"href":"https:\/\/www.hediyepazar.com\/index.php?rest_route=%2Fwp%2Fv2%2Fcomments&post=98560"}],"wp:featuredmedia":[{"embeddable":true,"href":"https:\/\/www.hediyepazar.com\/index.php?rest_route=\/wp\/v2\/media\/89007"}],"wp:attachment":[{"href":"https:\/\/www.hediyepazar.com\/index.php?rest_route=%2Fwp%2Fv2%2Fmedia&parent=98560"}],"wp:term":[{"taxonomy":"product_brand","embeddable":true,"href":"https:\/\/www.hediyepazar.com\/index.php?rest_route=%2Fwp%2Fv2%2Fproduct_brand&post=98560"},{"taxonomy":"product_cat","embeddable":true,"href":"https:\/\/www.hediyepazar.com\/index.php?rest_route=%2Fwp%2Fv2%2Fproduct_cat&post=98560"},{"taxonomy":"product_tag","embeddable":true,"href":"https:\/\/www.hediyepazar.com\/index.php?rest_route=%2Fwp%2Fv2%2Fproduct_tag&post=98560"}],"curies":[{"name":"wp","href":"https:\/\/api.w.org\/{rel}","templated":true}]}}