{"id":98596,"date":"2026-04-30T23:51:21","date_gmt":"2026-05-01T02:51:21","guid":{"rendered":"https:\/\/www.hediyepazar.com\/?product=incili-dugme-brosu-altin-2"},"modified":"2026-04-30T23:51:21","modified_gmt":"2026-05-01T02:51:21","slug":"incili-dugme-brosu-altin-2","status":"publish","type":"product","link":"https:\/\/www.hediyepazar.com\/?product=incili-dugme-brosu-altin-2","title":{"rendered":"\u0130ncili D\u00fc\u011fme Bro\u015fu &#8211; Alt\u0131n"},"content":{"rendered":"<p>\u0130ncili D\u00fc\u011fme Bro\u015fu &#8211; Alt\u0131n<\/p>\n","protected":false},"excerpt":{"rendered":"<p>\u0130ncili D\u00fc\u011fme Bro\u015fu &#8211; Alt\u0131n<\/p>\n","protected":false},"featured_media":98595,"comment_status":"open","ping_status":"closed","template":"","meta":{"_kad_post_transparent":"","_kad_post_title":"","_kad_post_layout":"","_kad_post_sidebar_id":"","_kad_post_content_style":"","_kad_post_vertical_padding":"","_kad_post_feature":"","_kad_post_feature_position":"","_kad_post_header":false,"_kad_post_footer":false,"_kad_post_classname":""},"product_brand":[],"product_cat":[782,781,763],"product_tag":[],"class_list":{"0":"post-98596","1":"product","2":"type-product","3":"status-publish","4":"has-post-thumbnail","6":"product_cat-bros","7":"product_cat-kadin-aksesuar","8":"product_cat-taki-mucevher","10":"first","11":"instock","12":"shipping-taxable","13":"purchasable","14":"product-type-simple","15":"entry","16":"content-bg","17":"loop-entry"},"_links":{"self":[{"href":"https:\/\/www.hediyepazar.com\/index.php?rest_route=\/wp\/v2\/product\/98596","targetHints":{"allow":["GET"]}}],"collection":[{"href":"https:\/\/www.hediyepazar.com\/index.php?rest_route=\/wp\/v2\/product"}],"about":[{"href":"https:\/\/www.hediyepazar.com\/index.php?rest_route=\/wp\/v2\/types\/product"}],"replies":[{"embeddable":true,"href":"https:\/\/www.hediyepazar.com\/index.php?rest_route=%2Fwp%2Fv2%2Fcomments&post=98596"}],"wp:featuredmedia":[{"embeddable":true,"href":"https:\/\/www.hediyepazar.com\/index.php?rest_route=\/wp\/v2\/media\/98595"}],"wp:attachment":[{"href":"https:\/\/www.hediyepazar.com\/index.php?rest_route=%2Fwp%2Fv2%2Fmedia&parent=98596"}],"wp:term":[{"taxonomy":"product_brand","embeddable":true,"href":"https:\/\/www.hediyepazar.com\/index.php?rest_route=%2Fwp%2Fv2%2Fproduct_brand&post=98596"},{"taxonomy":"product_cat","embeddable":true,"href":"https:\/\/www.hediyepazar.com\/index.php?rest_route=%2Fwp%2Fv2%2Fproduct_cat&post=98596"},{"taxonomy":"product_tag","embeddable":true,"href":"https:\/\/www.hediyepazar.com\/index.php?rest_route=%2Fwp%2Fv2%2Fproduct_tag&post=98596"}],"curies":[{"name":"wp","href":"https:\/\/api.w.org\/{rel}","templated":true}]}}