{"id":98609,"date":"2026-04-30T23:51:53","date_gmt":"2026-05-01T02:51:53","guid":{"rendered":"https:\/\/www.hediyepazar.com\/?product=dijital-yazi-tahtasi-lcd-tablet-cizim-sk-011"},"modified":"2026-04-30T23:51:53","modified_gmt":"2026-05-01T02:51:53","slug":"dijital-yazi-tahtasi-lcd-tablet-cizim-sk-011","status":"publish","type":"product","link":"https:\/\/www.hediyepazar.com\/?product=dijital-yazi-tahtasi-lcd-tablet-cizim-sk-011","title":{"rendered":"Dijital Yaz\u0131 Tahtas\u0131 LCD Tablet \u00c7izim SK-011"},"content":{"rendered":"<p>LCD Grafik Tablet \u00c7ocuk \u00c7izim Tahtas\u0131 8.5 inch ( 22 cm ) Djital Karalama Tableti<br \/>\nKa\u011f\u0131t , Tebe\u015fir ; da\u011f\u0131lan karalama defterleri yok.<br \/>\n100.000 ka\u011f\u0131t kadar performans g\u00f6sterir.<\/p>\n<p>K\u00fc\u00e7\u00fckten b\u00fcy\u00fc\u011fe herkesin be\u011fenerek kullanabilece\u011fi pratik ve \u00e7ok e\u011flenceli bir tablet. \u0130ster i\u015f toplant\u0131lar\u0131n\u0131zda ya da ofisinizde notlar\u0131n\u0131z\u0131 yaz\u0131n, isterseniz evinizde bir hat\u0131rlat\u0131c\u0131 olarak kullan\u0131n, isterseniz de \u00e7ocu\u011funuzun geli\u015fiminde faydas\u0131 olmas\u0131 i\u00e7in kullan\u0131n.&nbsp;<\/p>\n<p>Yan\u0131nda gelen kalemi ile ka\u011f\u0131t \u00fczerine yaz\u0131 yaz\u0131yormu\u015f gibi yaz\u0131 yazabilirsiniz. Tabletib ve kalemin yaz\u0131m \u00f6mr\u00fc s\u0131n\u0131rs\u0131zd\u0131r. Yanl\u0131zca tabletinizin pilini yenilemeye ihtiya\u00e7 duyacaks\u0131n\u0131z.&nbsp;<\/p>\n<p>Yaz\u0131lar yazabilir, \u00e7izgiler \u00e7izebilir, karalama yapabilirsiniz. Yazd\u0131klar\u0131n\u0131z\u0131 sadece tek tu\u015fla silebilirsiniz. Silgi \u00f6zelli\u011fi tek tu\u015fla \u00e7al\u0131\u015fmakta ve yaz\u0131lan\u0131n hepsini silmektedir.&nbsp;<\/p>\n<p>Sabah evden \u00e7\u0131karken e\u015finize mesaj m\u0131 b\u0131rakmak istiyorsunuz? Veya ofisinizde yapman\u0131z gereken \u00f6nemli notlar\u0131n\u0131z\u0131 yazmak m\u0131 istiyorsunuz? Mesaj\u0131n\u0131z\u0131 veya notunuzu yaz\u0131n tabletin arkas\u0131ndaki tu\u015fu kilit konumuna getirin yad\u0131klar\u0131n\u0131z siz kilit konumunu a\u00e7\u0131p silme tu\u015funa basana kadar silinmesin.&nbsp;<\/p>\n<p>\u00c7ocuklar\u0131n yaz\u0131 yazma ve resim yapma becerilerini geli\u015ftirmeleri i\u00e7in e\u011fitici oyuncak olarak da kullanabilirsiniz.&nbsp;<\/p>\n<p>Paket i\u00e7eri\u011fi 1 adet&nbsp;<br \/>\nRenk sto\u011fa g\u00f6re kar\u0131\u015f\u0131k g\u00f6nderilecektir. Siyah mavi beyaz mevcuttur<\/p>\n","protected":false},"excerpt":{"rendered":"<p>Dijital Yaz\u0131 Tahtas\u0131 LCD Tablet \u00c7izim SK-011<\/p>\n","protected":false},"featured_media":98608,"comment_status":"open","ping_status":"closed","template":"","meta":{"_kad_post_transparent":"","_kad_post_title":"","_kad_post_layout":"","_kad_post_sidebar_id":"","_kad_post_content_style":"","_kad_post_vertical_padding":"","_kad_post_feature":"","_kad_post_feature_position":"","_kad_post_header":false,"_kad_post_footer":false,"_kad_post_classname":""},"product_brand":[],"product_cat":[676,449,703],"product_tag":[],"class_list":{"0":"post-98609","1":"product","2":"type-product","3":"status-publish","4":"has-post-thumbnail","6":"product_cat-bilgisayar-tablet","7":"product_cat-elektronik","8":"product_cat-tablet-grubu","10":"first","11":"instock","12":"shipping-taxable","13":"purchasable","14":"product-type-simple","15":"entry","16":"content-bg","17":"loop-entry"},"_links":{"self":[{"href":"https:\/\/www.hediyepazar.com\/index.php?rest_route=\/wp\/v2\/product\/98609","targetHints":{"allow":["GET"]}}],"collection":[{"href":"https:\/\/www.hediyepazar.com\/index.php?rest_route=\/wp\/v2\/product"}],"about":[{"href":"https:\/\/www.hediyepazar.com\/index.php?rest_route=\/wp\/v2\/types\/product"}],"replies":[{"embeddable":true,"href":"https:\/\/www.hediyepazar.com\/index.php?rest_route=%2Fwp%2Fv2%2Fcomments&post=98609"}],"wp:featuredmedia":[{"embeddable":true,"href":"https:\/\/www.hediyepazar.com\/index.php?rest_route=\/wp\/v2\/media\/98608"}],"wp:attachment":[{"href":"https:\/\/www.hediyepazar.com\/index.php?rest_route=%2Fwp%2Fv2%2Fmedia&parent=98609"}],"wp:term":[{"taxonomy":"product_brand","embeddable":true,"href":"https:\/\/www.hediyepazar.com\/index.php?rest_route=%2Fwp%2Fv2%2Fproduct_brand&post=98609"},{"taxonomy":"product_cat","embeddable":true,"href":"https:\/\/www.hediyepazar.com\/index.php?rest_route=%2Fwp%2Fv2%2Fproduct_cat&post=98609"},{"taxonomy":"product_tag","embeddable":true,"href":"https:\/\/www.hediyepazar.com\/index.php?rest_route=%2Fwp%2Fv2%2Fproduct_tag&post=98609"}],"curies":[{"name":"wp","href":"https:\/\/api.w.org\/{rel}","templated":true}]}}