{"id":9968,"date":"2026-04-26T07:22:45","date_gmt":"2026-04-26T10:22:45","guid":{"rendered":"https:\/\/www.hediyepazar.com\/?product=mag-80-cm-ofset-canak-anten-buyuk-mount-10lu-paket"},"modified":"2026-04-26T07:22:47","modified_gmt":"2026-04-26T10:22:47","slug":"mag-80-cm-ofset-canak-anten-buyuk-mount-10lu-paket","status":"publish","type":"product","link":"https:\/\/www.hediyepazar.com\/?product=mag-80-cm-ofset-canak-anten-buyuk-mount-10lu-paket","title":{"rendered":"Mag 80 Cm Ofset \u00c7anak Anten B\u00fcy\u00fck Mount (10&#8217;lu Paket)"},"content":{"rendered":"<p>Mag 80 Cm Ofset \u00c7anak Anten B\u00fcy\u00fck Mount (10&#8217;lu Paket)<\/p>\n","protected":false},"excerpt":{"rendered":"<p>Mag 80 Cm Ofset \u00c7anak Anten B\u00fcy\u00fck Mount (10&#8217;lu Paket)<\/p>\n","protected":false},"featured_media":9969,"comment_status":"closed","ping_status":"open","template":"","meta":{"_kad_post_transparent":"","_kad_post_title":"","_kad_post_layout":"","_kad_post_sidebar_id":"","_kad_post_content_style":"","_kad_post_vertical_padding":"","_kad_post_feature":"","_kad_post_feature_position":"","_kad_post_header":false,"_kad_post_footer":false,"_kad_post_classname":""},"product_brand":[],"product_cat":[434],"product_tag":[],"class_list":{"0":"post-9968","1":"product","2":"type-product","3":"status-publish","4":"has-post-thumbnail","6":"product_cat-uydu-alici-sistemleri-canak-anten-canak-antenler","8":"first","9":"instock","10":"purchasable","11":"product-type-simple","12":"entry","13":"content-bg","14":"loop-entry"},"_links":{"self":[{"href":"https:\/\/www.hediyepazar.com\/index.php?rest_route=\/wp\/v2\/product\/9968","targetHints":{"allow":["GET"]}}],"collection":[{"href":"https:\/\/www.hediyepazar.com\/index.php?rest_route=\/wp\/v2\/product"}],"about":[{"href":"https:\/\/www.hediyepazar.com\/index.php?rest_route=\/wp\/v2\/types\/product"}],"replies":[{"embeddable":true,"href":"https:\/\/www.hediyepazar.com\/index.php?rest_route=%2Fwp%2Fv2%2Fcomments&post=9968"}],"wp:featuredmedia":[{"embeddable":true,"href":"https:\/\/www.hediyepazar.com\/index.php?rest_route=\/wp\/v2\/media\/9969"}],"wp:attachment":[{"href":"https:\/\/www.hediyepazar.com\/index.php?rest_route=%2Fwp%2Fv2%2Fmedia&parent=9968"}],"wp:term":[{"taxonomy":"product_brand","embeddable":true,"href":"https:\/\/www.hediyepazar.com\/index.php?rest_route=%2Fwp%2Fv2%2Fproduct_brand&post=9968"},{"taxonomy":"product_cat","embeddable":true,"href":"https:\/\/www.hediyepazar.com\/index.php?rest_route=%2Fwp%2Fv2%2Fproduct_cat&post=9968"},{"taxonomy":"product_tag","embeddable":true,"href":"https:\/\/www.hediyepazar.com\/index.php?rest_route=%2Fwp%2Fv2%2Fproduct_tag&post=9968"}],"curies":[{"name":"wp","href":"https:\/\/api.w.org\/{rel}","templated":true}]}}